{"id":16259,"date":"2023-03-28T12:09:59","date_gmt":"2023-03-28T16:09:59","guid":{"rendered":"https:\/\/www.arssenasa.gob.do\/?page_id=16259"},"modified":"2023-04-04T09:43:53","modified_gmt":"2023-04-04T13:43:53","slug":"elementor-16259","status":"publish","type":"page","link":"https:\/\/www.arssenasa.gob.do\/index.php\/elementor-16259\/","title":{"rendered":"Semana Santa 2023"},"content":{"rendered":"\t\t<div data-elementor-type=\"wp-page\" data-elementor-id=\"16259\" class=\"elementor elementor-16259\" data-elementor-settings=\"{&quot;ha_cmc_init_switcher&quot;:&quot;no&quot;}\" data-elementor-post-type=\"page\">\n\t\t\t\t<div class=\"elementor-element elementor-element-712c1c2 e-con-full e-flex e-con e-parent\" data-id=\"712c1c2\" data-element_type=\"container\" data-settings=\"{&quot;_ha_eqh_enable&quot;:false}\">\n\t\t\t\t<div class=\"elementor-element elementor-element-042cb4f elementor-widget elementor-widget-image\" data-id=\"042cb4f\" data-element_type=\"widget\" data-widget_type=\"image.default\">\n\t\t\t\t<div class=\"elementor-widget-container\">\n\t\t\t\t\t\t\t\t\t\t\t\t\t\t\t<img fetchpriority=\"high\" decoding=\"async\" width=\"800\" height=\"450\" src=\"https:\/\/www.arssenasa.gob.do\/wp-content\/uploads\/2023\/03\/Semana-Santa_Banner_Web-1024x576.jpg\" class=\"attachment-large size-large wp-image-16264\" alt=\"Senasa Semana Santa 2023\" srcset=\"https:\/\/www.arssenasa.gob.do\/wp-content\/uploads\/2023\/03\/Semana-Santa_Banner_Web-1024x576.jpg 1024w, https:\/\/www.arssenasa.gob.do\/wp-content\/uploads\/2023\/03\/Semana-Santa_Banner_Web-300x169.jpg 300w, https:\/\/www.arssenasa.gob.do\/wp-content\/uploads\/2023\/03\/Semana-Santa_Banner_Web-768x432.jpg 768w, https:\/\/www.arssenasa.gob.do\/wp-content\/uploads\/2023\/03\/Semana-Santa_Banner_Web-1536x864.jpg 1536w, https:\/\/www.arssenasa.gob.do\/wp-content\/uploads\/2023\/03\/Semana-Santa_Banner_Web-2048x1152.jpg 2048w\" sizes=\"(max-width: 800px) 100vw, 800px\" \/>\t\t\t\t\t\t\t\t\t\t\t\t\t\t\t<\/div>\n\t\t\t\t<\/div>\n\t\t<div class=\"elementor-element elementor-element-d4673f2 e-flex e-con-boxed e-con e-parent\" data-id=\"d4673f2\" data-element_type=\"container\" data-settings=\"{&quot;_ha_eqh_enable&quot;:false}\">\n\t\t\t\t\t<div class=\"e-con-inner\">\n\t\t\t\t<div class=\"elementor-element elementor-element-66066ae elementor-widget__width-initial elementor-grid-3 elementor-grid-tablet-2 elementor-grid-mobile-1 elementor-posts--thumbnail-top elementor-widget elementor-widget-posts\" data-id=\"66066ae\" data-element_type=\"widget\" data-settings=\"{&quot;classic_columns&quot;:&quot;3&quot;,&quot;classic_columns_tablet&quot;:&quot;2&quot;,&quot;classic_columns_mobile&quot;:&quot;1&quot;,&quot;classic_row_gap&quot;:{&quot;unit&quot;:&quot;px&quot;,&quot;size&quot;:35,&quot;sizes&quot;:[]},&quot;classic_row_gap_tablet&quot;:{&quot;unit&quot;:&quot;px&quot;,&quot;size&quot;:&quot;&quot;,&quot;sizes&quot;:[]},&quot;classic_row_gap_mobile&quot;:{&quot;unit&quot;:&quot;px&quot;,&quot;size&quot;:&quot;&quot;,&quot;sizes&quot;:[]}}\" data-widget_type=\"posts.classic\">\n\t\t\t\t<div class=\"elementor-widget-container\">\n\t\t\t\t\t\t\t<div class=\"elementor-posts-container elementor-posts elementor-posts--skin-classic elementor-grid\" role=\"list\">\n\t\t\t\t<article class=\"elementor-post elementor-grid-item post-20978 post type-post status-publish format-standard has-post-thumbnail hentry category-noticias tag-salud tag-seguridad tag-semana-santa tag-senasa\" role=\"listitem\">\n\t\t\t\t<a class=\"elementor-post__thumbnail__link\" href=\"https:\/\/www.arssenasa.gob.do\/index.php\/blog\/2025\/04\/16\/senasa-refuerza-sus-puntos-de-servicios-en-hospitales-un-llamado-a-la-prudencia-y-prevencion\/\" tabindex=\"-1\" >\n\t\t\t<div class=\"elementor-post__thumbnail\"><img decoding=\"async\" width=\"1600\" height=\"1066\" src=\"https:\/\/www.arssenasa.gob.do\/wp-content\/uploads\/2025\/04\/WhatsApp-Image-2025-04-25-at-8.51.57-AM.jpeg\" class=\"attachment-full size-full wp-image-21113\" alt=\"evaluaci\u00f3n m\u00e9dica\" srcset=\"https:\/\/www.arssenasa.gob.do\/wp-content\/uploads\/2025\/04\/WhatsApp-Image-2025-04-25-at-8.51.57-AM.jpeg 1600w, https:\/\/www.arssenasa.gob.do\/wp-content\/uploads\/2025\/04\/WhatsApp-Image-2025-04-25-at-8.51.57-AM-300x200.jpeg 300w, https:\/\/www.arssenasa.gob.do\/wp-content\/uploads\/2025\/04\/WhatsApp-Image-2025-04-25-at-8.51.57-AM-1024x682.jpeg 1024w, https:\/\/www.arssenasa.gob.do\/wp-content\/uploads\/2025\/04\/WhatsApp-Image-2025-04-25-at-8.51.57-AM-768x512.jpeg 768w, https:\/\/www.arssenasa.gob.do\/wp-content\/uploads\/2025\/04\/WhatsApp-Image-2025-04-25-at-8.51.57-AM-1536x1023.jpeg 1536w\" sizes=\"(max-width: 1600px) 100vw, 1600px\" \/><\/div>\n\t\t<\/a>\n\t\t\t\t<div class=\"elementor-post__text\">\n\t\t\t\t<h3 class=\"elementor-post__title\">\n\t\t\t<a href=\"https:\/\/www.arssenasa.gob.do\/index.php\/blog\/2025\/04\/16\/senasa-refuerza-sus-puntos-de-servicios-en-hospitales-un-llamado-a-la-prudencia-y-prevencion\/\" >\n\t\t\t\tSeNaSa refuerza sus puntos de servicios en hospitales: Un llamado a la prudencia y prevenci\u00f3n\t\t\t<\/a>\n\t\t<\/h3>\n\t\t\t\t<div class=\"elementor-post__meta-data\">\n\t\t\t\t\t<span class=\"elementor-post-date\">\n\t\t\tabril 16, 2025\t\t<\/span>\n\t\t\t\t<span class=\"elementor-post-avatar\">\n\t\t\tNo hay comentarios\t\t<\/span>\n\t\t\t\t<\/div>\n\t\t\t\t<div class=\"elementor-post__excerpt\">\n\t\t\t<p>Santo Domingo. &#8211; Con el objetivo de brindar asistencia oportuna y garantizar la tranquilidad a sus afiliados en caso de requerirlo, el director ejecutivo del<\/p>\n\t\t<\/div>\n\t\t\n\t\t<a class=\"elementor-post__read-more\" href=\"https:\/\/www.arssenasa.gob.do\/index.php\/blog\/2025\/04\/16\/senasa-refuerza-sus-puntos-de-servicios-en-hospitales-un-llamado-a-la-prudencia-y-prevencion\/\" aria-label=\"Read more about SeNaSa refuerza sus puntos de servicios en hospitales: Un llamado a la prudencia y prevenci\u00f3n\" tabindex=\"-1\" >\n\t\t\tLeer m\u00e1s \u00bb\t\t<\/a>\n\n\t\t\t\t<\/div>\n\t\t\t\t<\/article>\n\t\t\t\t<article class=\"elementor-post elementor-grid-item post-20923 post type-post status-publish format-standard has-post-thumbnail hentry category-noticias tag-semana-santa tag-senasa\" role=\"listitem\">\n\t\t\t\t<a class=\"elementor-post__thumbnail__link\" href=\"https:\/\/www.arssenasa.gob.do\/index.php\/blog\/2025\/04\/14\/seguros-con-senasa-en-semana-santa-una-campana-que-apela-a-la-prudencia-y-prevencion\/\" tabindex=\"-1\" >\n\t\t\t<div class=\"elementor-post__thumbnail\"><img decoding=\"async\" width=\"2560\" height=\"1843\" src=\"https:\/\/www.arssenasa.gob.do\/wp-content\/uploads\/2025\/04\/Foto-01-scaled.jpg\" class=\"attachment-full size-full wp-image-20925\" alt=\"\" srcset=\"https:\/\/www.arssenasa.gob.do\/wp-content\/uploads\/2025\/04\/Foto-01-scaled.jpg 2560w, https:\/\/www.arssenasa.gob.do\/wp-content\/uploads\/2025\/04\/Foto-01-300x216.jpg 300w, https:\/\/www.arssenasa.gob.do\/wp-content\/uploads\/2025\/04\/Foto-01-1024x737.jpg 1024w, https:\/\/www.arssenasa.gob.do\/wp-content\/uploads\/2025\/04\/Foto-01-768x553.jpg 768w, https:\/\/www.arssenasa.gob.do\/wp-content\/uploads\/2025\/04\/Foto-01-1536x1106.jpg 1536w, https:\/\/www.arssenasa.gob.do\/wp-content\/uploads\/2025\/04\/Foto-01-2048x1475.jpg 2048w\" sizes=\"(max-width: 2560px) 100vw, 2560px\" \/><\/div>\n\t\t<\/a>\n\t\t\t\t<div class=\"elementor-post__text\">\n\t\t\t\t<h3 class=\"elementor-post__title\">\n\t\t\t<a href=\"https:\/\/www.arssenasa.gob.do\/index.php\/blog\/2025\/04\/14\/seguros-con-senasa-en-semana-santa-una-campana-que-apela-a-la-prudencia-y-prevencion\/\" >\n\t\t\t\t\u201cSeguros con SeNaSa en Semana Santa\u00bb, una campa\u00f1a que apela a la prudencia y prevenci\u00f3n\t\t\t<\/a>\n\t\t<\/h3>\n\t\t\t\t<div class=\"elementor-post__meta-data\">\n\t\t\t\t\t<span class=\"elementor-post-date\">\n\t\t\tabril 14, 2025\t\t<\/span>\n\t\t\t\t<span class=\"elementor-post-avatar\">\n\t\t\tNo hay comentarios\t\t<\/span>\n\t\t\t\t<\/div>\n\t\t\t\t<div class=\"elementor-post__excerpt\">\n\t\t\t<p>Santo Domingo. &#8211;&nbsp;El Seguro Nacional de Salud (SeNaSa) present\u00f3 su campa\u00f1a \u00abSeguros con SeNaSa en Semana Santa\u00bb, un llamado enf\u00e1tico a la prudencia y la<\/p>\n\t\t<\/div>\n\t\t\n\t\t<a class=\"elementor-post__read-more\" href=\"https:\/\/www.arssenasa.gob.do\/index.php\/blog\/2025\/04\/14\/seguros-con-senasa-en-semana-santa-una-campana-que-apela-a-la-prudencia-y-prevencion\/\" aria-label=\"Read more about \u201cSeguros con SeNaSa en Semana Santa\u00bb, una campa\u00f1a que apela a la prudencia y prevenci\u00f3n\" tabindex=\"-1\" >\n\t\t\tLeer m\u00e1s \u00bb\t\t<\/a>\n\n\t\t\t\t<\/div>\n\t\t\t\t<\/article>\n\t\t\t\t<article class=\"elementor-post elementor-grid-item post-18304 post type-post status-publish format-standard has-post-thumbnail hentry category-noticias tag-semana-santa tag-senasa\" role=\"listitem\">\n\t\t\t\t<a class=\"elementor-post__thumbnail__link\" href=\"https:\/\/www.arssenasa.gob.do\/index.php\/blog\/2024\/03\/24\/director-de-senasa-insta-a-la-poblacion-a-seguir-orientaciones-dadas-por-el-coe-para-una-semana-santa-segura\/\" tabindex=\"-1\" >\n\t\t\t<div class=\"elementor-post__thumbnail\"><img loading=\"lazy\" decoding=\"async\" width=\"1280\" height=\"853\" src=\"https:\/\/www.arssenasa.gob.do\/wp-content\/uploads\/2024\/03\/Doctor-Santiago-Hazim.jpeg\" class=\"attachment-full size-full wp-image-18305\" alt=\"\" srcset=\"https:\/\/www.arssenasa.gob.do\/wp-content\/uploads\/2024\/03\/Doctor-Santiago-Hazim.jpeg 1280w, https:\/\/www.arssenasa.gob.do\/wp-content\/uploads\/2024\/03\/Doctor-Santiago-Hazim-300x200.jpeg 300w, https:\/\/www.arssenasa.gob.do\/wp-content\/uploads\/2024\/03\/Doctor-Santiago-Hazim-1024x682.jpeg 1024w, https:\/\/www.arssenasa.gob.do\/wp-content\/uploads\/2024\/03\/Doctor-Santiago-Hazim-768x512.jpeg 768w\" sizes=\"(max-width: 1280px) 100vw, 1280px\" \/><\/div>\n\t\t<\/a>\n\t\t\t\t<div class=\"elementor-post__text\">\n\t\t\t\t<h3 class=\"elementor-post__title\">\n\t\t\t<a href=\"https:\/\/www.arssenasa.gob.do\/index.php\/blog\/2024\/03\/24\/director-de-senasa-insta-a-la-poblacion-a-seguir-orientaciones-dadas-por-el-coe-para-una-semana-santa-segura\/\" >\n\t\t\t\tDirector de SeNaSa insta a la poblaci\u00f3n a seguir orientaciones dadas por el COE para una Semana Santa Segura\t\t\t<\/a>\n\t\t<\/h3>\n\t\t\t\t<div class=\"elementor-post__meta-data\">\n\t\t\t\t\t<span class=\"elementor-post-date\">\n\t\t\tmarzo 24, 2024\t\t<\/span>\n\t\t\t\t<span class=\"elementor-post-avatar\">\n\t\t\tNo hay comentarios\t\t<\/span>\n\t\t\t\t<\/div>\n\t\t\t\t<div class=\"elementor-post__excerpt\">\n\t\t\t<p>Santo Domingo. &#8211; Los accidentes de tr\u00e1nsito, intoxicaci\u00f3n por alimentos y alcohol son algunas de las razones que podr\u00edan llevar a un afiliado a requerir<\/p>\n\t\t<\/div>\n\t\t\n\t\t<a class=\"elementor-post__read-more\" href=\"https:\/\/www.arssenasa.gob.do\/index.php\/blog\/2024\/03\/24\/director-de-senasa-insta-a-la-poblacion-a-seguir-orientaciones-dadas-por-el-coe-para-una-semana-santa-segura\/\" aria-label=\"Read more about Director de SeNaSa insta a la poblaci\u00f3n a seguir orientaciones dadas por el COE para una Semana Santa Segura\" tabindex=\"-1\" >\n\t\t\tLeer m\u00e1s \u00bb\t\t<\/a>\n\n\t\t\t\t<\/div>\n\t\t\t\t<\/article>\n\t\t\t\t<\/div>\n\t\t\n\t\t\t\t\t\t<\/div>\n\t\t\t\t<\/div>\n\t\t\t\t<div class=\"elementor-element elementor-element-65e3e1d elementor-widget__width-initial elementor-widget elementor-widget-video\" data-id=\"65e3e1d\" data-element_type=\"widget\" data-settings=\"{&quot;youtube_url&quot;:&quot;https:\\\/\\\/www.youtube.com\\\/watch?v=6-DHEBez-fY&quot;,&quot;video_type&quot;:&quot;youtube&quot;,&quot;controls&quot;:&quot;yes&quot;}\" data-widget_type=\"video.default\">\n\t\t\t\t<div class=\"elementor-widget-container\">\n\t\t\t\t\t\t\t<div class=\"elementor-wrapper elementor-open-inline\">\n\t\t\t<div class=\"elementor-video\"><\/div>\t\t<\/div>\n\t\t\t\t\t\t<\/div>\n\t\t\t\t<\/div>\n\t\t\t\t<div class=\"elementor-element elementor-element-e4525b6 elementor-widget__width-initial elementor-widget elementor-widget-video\" data-id=\"e4525b6\" data-element_type=\"widget\" data-settings=\"{&quot;youtube_url&quot;:&quot;https:\\\/\\\/www.youtube.com\\\/watch?v=0IMo0XZgyS0&quot;,&quot;video_type&quot;:&quot;youtube&quot;,&quot;controls&quot;:&quot;yes&quot;}\" data-widget_type=\"video.default\">\n\t\t\t\t<div class=\"elementor-widget-container\">\n\t\t\t\t\t\t\t<div class=\"elementor-wrapper elementor-open-inline\">\n\t\t\t<div class=\"elementor-video\"><\/div>\t\t<\/div>\n\t\t\t\t\t\t<\/div>\n\t\t\t\t<\/div>\n\t\t\t\t\t<\/div>\n\t\t\t\t<\/div>\n\t\t\t\t<\/div>\n\t\t\t\t<\/div>\n\t\t","protected":false},"excerpt":{"rendered":"<p>https:\/\/www.youtube.com\/watch?v=6-DHEBez-fYhttps:\/\/www.youtube.com\/watch?v=0IMo0XZgyS0<\/p>\n","protected":false},"author":3,"featured_media":0,"parent":0,"menu_order":0,"comment_status":"closed","ping_status":"closed","template":"elementor_canvas","meta":{"inline_featured_image":false,"yasr_overall_rating":0,"yasr_post_is_review":"","yasr_auto_insert_disabled":"","yasr_review_type":"","_glsr_average":0,"_glsr_ranking":0,"_glsr_reviews":0,"footnotes":""},"class_list":["post-16259","page","type-page","status-publish","hentry"],"yoast_head":"<!-- This site is optimized with the Yoast SEO plugin v26.6 - https:\/\/yoast.com\/wordpress\/plugins\/seo\/ -->\n<title>Semana Santa 2023 - ARSSeNaSa<\/title>\n<meta name=\"robots\" content=\"index, follow, max-snippet:-1, max-image-preview:large, max-video-preview:-1\" \/>\n<link rel=\"canonical\" href=\"https:\/\/www.arssenasa.gob.do\/index.php\/elementor-16259\/\" \/>\n<meta property=\"og:locale\" content=\"es_ES\" \/>\n<meta property=\"og:type\" content=\"article\" \/>\n<meta property=\"og:title\" content=\"Semana Santa 2023 - ARSSeNaSa\" \/>\n<meta property=\"og:description\" content=\"https:\/\/www.youtube.com\/watch?v=6-DHEBez-fYhttps:\/\/www.youtube.com\/watch?v=0IMo0XZgyS0\" \/>\n<meta property=\"og:url\" content=\"https:\/\/www.arssenasa.gob.do\/index.php\/elementor-16259\/\" \/>\n<meta property=\"og:site_name\" content=\"ARSSeNaSa\" \/>\n<meta property=\"article:publisher\" content=\"https:\/\/www.facebook.com\/ARSSeNaSaRD\" \/>\n<meta property=\"article:modified_time\" content=\"2023-04-04T13:43:53+00:00\" \/>\n<meta property=\"og:image\" content=\"https:\/\/www.arssenasa.gob.do\/wp-content\/uploads\/2023\/03\/Semana-Santa_Banner_Web-1024x576.jpg\" \/>\n<meta name=\"twitter:card\" content=\"summary_large_image\" \/>\n<meta name=\"twitter:site\" content=\"@arssenasard\" \/>\n<meta name=\"twitter:label1\" content=\"Est. reading time\" \/>\n\t<meta name=\"twitter:data1\" content=\"2 minutos\" \/>\n<script type=\"application\/ld+json\" class=\"yoast-schema-graph\">{\"@context\":\"https:\/\/schema.org\",\"@graph\":[{\"@type\":\"WebPage\",\"@id\":\"https:\/\/www.arssenasa.gob.do\/index.php\/elementor-16259\/\",\"url\":\"https:\/\/www.arssenasa.gob.do\/index.php\/elementor-16259\/\",\"name\":\"Semana Santa 2023 - ARSSeNaSa\",\"isPartOf\":{\"@id\":\"https:\/\/www.arssenasa.gob.do\/#website\"},\"primaryImageOfPage\":{\"@id\":\"https:\/\/www.arssenasa.gob.do\/index.php\/elementor-16259\/#primaryimage\"},\"image\":{\"@id\":\"https:\/\/www.arssenasa.gob.do\/index.php\/elementor-16259\/#primaryimage\"},\"thumbnailUrl\":\"https:\/\/www.arssenasa.gob.do\/wp-content\/uploads\/2023\/03\/Semana-Santa_Banner_Web-1024x576.jpg\",\"datePublished\":\"2023-03-28T16:09:59+00:00\",\"dateModified\":\"2023-04-04T13:43:53+00:00\",\"breadcrumb\":{\"@id\":\"https:\/\/www.arssenasa.gob.do\/index.php\/elementor-16259\/#breadcrumb\"},\"inLanguage\":\"es\",\"potentialAction\":[{\"@type\":\"ReadAction\",\"target\":[\"https:\/\/www.arssenasa.gob.do\/index.php\/elementor-16259\/\"]}]},{\"@type\":\"ImageObject\",\"inLanguage\":\"es\",\"@id\":\"https:\/\/www.arssenasa.gob.do\/index.php\/elementor-16259\/#primaryimage\",\"url\":\"https:\/\/www.arssenasa.gob.do\/wp-content\/uploads\/2023\/03\/Semana-Santa_Banner_Web-scaled.jpg\",\"contentUrl\":\"https:\/\/www.arssenasa.gob.do\/wp-content\/uploads\/2023\/03\/Semana-Santa_Banner_Web-scaled.jpg\",\"width\":2560,\"height\":1440,\"caption\":\"Senasa Semana Santa 2023\"},{\"@type\":\"BreadcrumbList\",\"@id\":\"https:\/\/www.arssenasa.gob.do\/index.php\/elementor-16259\/#breadcrumb\",\"itemListElement\":[{\"@type\":\"ListItem\",\"position\":1,\"name\":\"Inicio\",\"item\":\"https:\/\/www.arssenasa.gob.do\/\"},{\"@type\":\"ListItem\",\"position\":2,\"name\":\"Semana Santa 2023\"}]},{\"@type\":\"WebSite\",\"@id\":\"https:\/\/www.arssenasa.gob.do\/#website\",\"url\":\"https:\/\/www.arssenasa.gob.do\/\",\"name\":\"ARSSeNaSa\",\"description\":\"\",\"publisher\":{\"@id\":\"https:\/\/www.arssenasa.gob.do\/#organization\"},\"potentialAction\":[{\"@type\":\"SearchAction\",\"target\":{\"@type\":\"EntryPoint\",\"urlTemplate\":\"https:\/\/www.arssenasa.gob.do\/?s={search_term_string}\"},\"query-input\":{\"@type\":\"PropertyValueSpecification\",\"valueRequired\":true,\"valueName\":\"search_term_string\"}}],\"inLanguage\":\"es\"},{\"@type\":\"Organization\",\"@id\":\"https:\/\/www.arssenasa.gob.do\/#organization\",\"name\":\"SeNaSa - Seguro Nacional de Salud\",\"url\":\"https:\/\/www.arssenasa.gob.do\/\",\"logo\":{\"@type\":\"ImageObject\",\"inLanguage\":\"es\",\"@id\":\"https:\/\/www.arssenasa.gob.do\/#\/schema\/logo\/image\/\",\"url\":\"https:\/\/www.arssenasa.gob.do\/wp-content\/uploads\/2018\/11\/logo2022.png\",\"contentUrl\":\"https:\/\/www.arssenasa.gob.do\/wp-content\/uploads\/2018\/11\/logo2022.png\",\"width\":310,\"height\":200,\"caption\":\"SeNaSa - Seguro Nacional de Salud\"},\"image\":{\"@id\":\"https:\/\/www.arssenasa.gob.do\/#\/schema\/logo\/image\/\"},\"sameAs\":[\"https:\/\/www.facebook.com\/ARSSeNaSaRD\",\"https:\/\/x.com\/arssenasard\",\"https:\/\/www.instagram.com\/arssenasard\/\",\"https:\/\/www.youtube.com\/user\/ARSSeNaSa\"]},false]}<\/script>\n<!-- \/ Yoast SEO plugin. -->","yoast_head_json":{"title":"Semana Santa 2023 - ARSSeNaSa","robots":{"index":"index","follow":"follow","max-snippet":"max-snippet:-1","max-image-preview":"max-image-preview:large","max-video-preview":"max-video-preview:-1"},"canonical":"https:\/\/www.arssenasa.gob.do\/index.php\/elementor-16259\/","og_locale":"es_ES","og_type":"article","og_title":"Semana Santa 2023 - ARSSeNaSa","og_description":"https:\/\/www.youtube.com\/watch?v=6-DHEBez-fYhttps:\/\/www.youtube.com\/watch?v=0IMo0XZgyS0","og_url":"https:\/\/www.arssenasa.gob.do\/index.php\/elementor-16259\/","og_site_name":"ARSSeNaSa","article_publisher":"https:\/\/www.facebook.com\/ARSSeNaSaRD","article_modified_time":"2023-04-04T13:43:53+00:00","og_image":[{"url":"https:\/\/www.arssenasa.gob.do\/wp-content\/uploads\/2023\/03\/Semana-Santa_Banner_Web-1024x576.jpg","type":"","width":"","height":""}],"twitter_card":"summary_large_image","twitter_site":"@arssenasard","twitter_misc":{"Est. reading time":"2 minutos"},"schema":{"@context":"https:\/\/schema.org","@graph":[{"@type":"WebPage","@id":"https:\/\/www.arssenasa.gob.do\/index.php\/elementor-16259\/","url":"https:\/\/www.arssenasa.gob.do\/index.php\/elementor-16259\/","name":"Semana Santa 2023 - ARSSeNaSa","isPartOf":{"@id":"https:\/\/www.arssenasa.gob.do\/#website"},"primaryImageOfPage":{"@id":"https:\/\/www.arssenasa.gob.do\/index.php\/elementor-16259\/#primaryimage"},"image":{"@id":"https:\/\/www.arssenasa.gob.do\/index.php\/elementor-16259\/#primaryimage"},"thumbnailUrl":"https:\/\/www.arssenasa.gob.do\/wp-content\/uploads\/2023\/03\/Semana-Santa_Banner_Web-1024x576.jpg","datePublished":"2023-03-28T16:09:59+00:00","dateModified":"2023-04-04T13:43:53+00:00","breadcrumb":{"@id":"https:\/\/www.arssenasa.gob.do\/index.php\/elementor-16259\/#breadcrumb"},"inLanguage":"es","potentialAction":[{"@type":"ReadAction","target":["https:\/\/www.arssenasa.gob.do\/index.php\/elementor-16259\/"]}]},{"@type":"ImageObject","inLanguage":"es","@id":"https:\/\/www.arssenasa.gob.do\/index.php\/elementor-16259\/#primaryimage","url":"https:\/\/www.arssenasa.gob.do\/wp-content\/uploads\/2023\/03\/Semana-Santa_Banner_Web-scaled.jpg","contentUrl":"https:\/\/www.arssenasa.gob.do\/wp-content\/uploads\/2023\/03\/Semana-Santa_Banner_Web-scaled.jpg","width":2560,"height":1440,"caption":"Senasa Semana Santa 2023"},{"@type":"BreadcrumbList","@id":"https:\/\/www.arssenasa.gob.do\/index.php\/elementor-16259\/#breadcrumb","itemListElement":[{"@type":"ListItem","position":1,"name":"Inicio","item":"https:\/\/www.arssenasa.gob.do\/"},{"@type":"ListItem","position":2,"name":"Semana Santa 2023"}]},{"@type":"WebSite","@id":"https:\/\/www.arssenasa.gob.do\/#website","url":"https:\/\/www.arssenasa.gob.do\/","name":"ARSSeNaSa","description":"","publisher":{"@id":"https:\/\/www.arssenasa.gob.do\/#organization"},"potentialAction":[{"@type":"SearchAction","target":{"@type":"EntryPoint","urlTemplate":"https:\/\/www.arssenasa.gob.do\/?s={search_term_string}"},"query-input":{"@type":"PropertyValueSpecification","valueRequired":true,"valueName":"search_term_string"}}],"inLanguage":"es"},{"@type":"Organization","@id":"https:\/\/www.arssenasa.gob.do\/#organization","name":"SeNaSa - Seguro Nacional de Salud","url":"https:\/\/www.arssenasa.gob.do\/","logo":{"@type":"ImageObject","inLanguage":"es","@id":"https:\/\/www.arssenasa.gob.do\/#\/schema\/logo\/image\/","url":"https:\/\/www.arssenasa.gob.do\/wp-content\/uploads\/2018\/11\/logo2022.png","contentUrl":"https:\/\/www.arssenasa.gob.do\/wp-content\/uploads\/2018\/11\/logo2022.png","width":310,"height":200,"caption":"SeNaSa - Seguro Nacional de Salud"},"image":{"@id":"https:\/\/www.arssenasa.gob.do\/#\/schema\/logo\/image\/"},"sameAs":["https:\/\/www.facebook.com\/ARSSeNaSaRD","https:\/\/x.com\/arssenasard","https:\/\/www.instagram.com\/arssenasard\/","https:\/\/www.youtube.com\/user\/ARSSeNaSa"]},false]}},"yasr_visitor_votes":{"stars_attributes":{"read_only":false,"span_bottom":false},"number_of_votes":0,"sum_votes":0},"_links":{"self":[{"href":"https:\/\/www.arssenasa.gob.do\/index.php\/wp-json\/wp\/v2\/pages\/16259","targetHints":{"allow":["GET"]}}],"collection":[{"href":"https:\/\/www.arssenasa.gob.do\/index.php\/wp-json\/wp\/v2\/pages"}],"about":[{"href":"https:\/\/www.arssenasa.gob.do\/index.php\/wp-json\/wp\/v2\/types\/page"}],"author":[{"embeddable":true,"href":"https:\/\/www.arssenasa.gob.do\/index.php\/wp-json\/wp\/v2\/users\/3"}],"replies":[{"embeddable":true,"href":"https:\/\/www.arssenasa.gob.do\/index.php\/wp-json\/wp\/v2\/comments?post=16259"}],"version-history":[{"count":17,"href":"https:\/\/www.arssenasa.gob.do\/index.php\/wp-json\/wp\/v2\/pages\/16259\/revisions"}],"predecessor-version":[{"id":16309,"href":"https:\/\/www.arssenasa.gob.do\/index.php\/wp-json\/wp\/v2\/pages\/16259\/revisions\/16309"}],"wp:attachment":[{"href":"https:\/\/www.arssenasa.gob.do\/index.php\/wp-json\/wp\/v2\/media?parent=16259"}],"curies":[{"name":"wp","href":"https:\/\/api.w.org\/{rel}","templated":true}]}}