{"id":17405,"date":"2023-09-05T14:34:33","date_gmt":"2023-09-05T18:34:33","guid":{"rendered":"https:\/\/www.arssenasa.gob.do\/?page_id=17405"},"modified":"2024-02-14T13:00:36","modified_gmt":"2024-02-14T17:00:36","slug":"canales-alternos","status":"publish","type":"page","link":"https:\/\/www.arssenasa.gob.do\/index.php\/canales-alternos\/","title":{"rendered":"Canales Alternos"},"content":{"rendered":"\t\t<div data-elementor-type=\"wp-post\" data-elementor-id=\"17405\" class=\"elementor elementor-17405\" data-elementor-settings=\"{&quot;ha_cmc_init_switcher&quot;:&quot;no&quot;}\" data-elementor-post-type=\"page\">\n\t\t\t\t<div class=\"elementor-element elementor-element-506bd74 e-con-full e-flex e-con e-parent\" data-id=\"506bd74\" data-element_type=\"container\" data-settings=\"{&quot;_ha_eqh_enable&quot;:false}\">\n\t\t\t\t<div class=\"elementor-element elementor-element-c13dbf9 elementor-widget elementor-widget-image\" data-id=\"c13dbf9\" data-element_type=\"widget\" data-widget_type=\"image.default\">\n\t\t\t\t<div class=\"elementor-widget-container\">\n\t\t\t\t\t\t\t\t\t\t\t\t\t\t\t<img fetchpriority=\"high\" decoding=\"async\" width=\"1200\" height=\"574\" src=\"https:\/\/www.arssenasa.gob.do\/wp-content\/uploads\/2023\/09\/canalesalternos01.png\" class=\"attachment-full size-full wp-image-17409\" alt=\"Conoce nuestros canales alternos de servicios\" srcset=\"https:\/\/www.arssenasa.gob.do\/wp-content\/uploads\/2023\/09\/canalesalternos01.png 1200w, https:\/\/www.arssenasa.gob.do\/wp-content\/uploads\/2023\/09\/canalesalternos01-300x144.png 300w, https:\/\/www.arssenasa.gob.do\/wp-content\/uploads\/2023\/09\/canalesalternos01-1024x490.png 1024w, https:\/\/www.arssenasa.gob.do\/wp-content\/uploads\/2023\/09\/canalesalternos01-768x367.png 768w\" sizes=\"(max-width: 1200px) 100vw, 1200px\" \/>\t\t\t\t\t\t\t\t\t\t\t\t\t\t\t<\/div>\n\t\t\t\t<\/div>\n\t\t\t\t<div class=\"elementor-element elementor-element-9b0d5e6 elementor-widget elementor-widget-image\" data-id=\"9b0d5e6\" data-element_type=\"widget\" data-widget_type=\"image.default\">\n\t\t\t\t<div class=\"elementor-widget-container\">\n\t\t\t\t\t\t\t\t\t\t\t\t\t\t\t<img decoding=\"async\" width=\"1200\" height=\"758\" src=\"https:\/\/www.arssenasa.gob.do\/wp-content\/uploads\/2023\/09\/canalesalternos02.png\" class=\"attachment-full size-full wp-image-17410\" alt=\"*737, te ofrece asistencia m\u00e1s r\u00e1pido, f\u00e1cil y directo\" srcset=\"https:\/\/www.arssenasa.gob.do\/wp-content\/uploads\/2023\/09\/canalesalternos02.png 1200w, https:\/\/www.arssenasa.gob.do\/wp-content\/uploads\/2023\/09\/canalesalternos02-300x190.png 300w, https:\/\/www.arssenasa.gob.do\/wp-content\/uploads\/2023\/09\/canalesalternos02-1024x647.png 1024w, https:\/\/www.arssenasa.gob.do\/wp-content\/uploads\/2023\/09\/canalesalternos02-768x485.png 768w\" sizes=\"(max-width: 1200px) 100vw, 1200px\" \/>\t\t\t\t\t\t\t\t\t\t\t\t\t\t\t<\/div>\n\t\t\t\t<\/div>\n\t\t\t\t<div class=\"elementor-element elementor-element-23790ef elementor-widget elementor-widget-image\" data-id=\"23790ef\" data-element_type=\"widget\" data-widget_type=\"image.default\">\n\t\t\t\t<div class=\"elementor-widget-container\">\n\t\t\t\t\t\t\t\t\t\t\t\t\t\t\t<img decoding=\"async\" width=\"1200\" height=\"1021\" src=\"https:\/\/www.arssenasa.gob.do\/wp-content\/uploads\/2023\/09\/canalesalternos03.png\" class=\"attachment-full size-full wp-image-17411\" alt=\"Asistente virtual, Sof\u00eda est\u00e1 disponible 24\/7, con respuestas a todo lo que necesites.\" srcset=\"https:\/\/www.arssenasa.gob.do\/wp-content\/uploads\/2023\/09\/canalesalternos03.png 1200w, https:\/\/www.arssenasa.gob.do\/wp-content\/uploads\/2023\/09\/canalesalternos03-300x255.png 300w, https:\/\/www.arssenasa.gob.do\/wp-content\/uploads\/2023\/09\/canalesalternos03-1024x871.png 1024w, https:\/\/www.arssenasa.gob.do\/wp-content\/uploads\/2023\/09\/canalesalternos03-768x653.png 768w\" sizes=\"(max-width: 1200px) 100vw, 1200px\" \/>\t\t\t\t\t\t\t\t\t\t\t\t\t\t\t<\/div>\n\t\t\t\t<\/div>\n\t\t\t\t<div class=\"elementor-element elementor-element-585bb3c elementor-widget elementor-widget-image\" data-id=\"585bb3c\" data-element_type=\"widget\" data-widget_type=\"image.default\">\n\t\t\t\t<div class=\"elementor-widget-container\">\n\t\t\t\t\t\t\t\t\t\t\t\t\t\t\t\t<a href=\"https:\/\/ova.arssenasa.gob.do\/login\" target=\"_blank\">\n\t\t\t\t\t\t\t<img loading=\"lazy\" decoding=\"async\" width=\"1200\" height=\"757\" src=\"https:\/\/www.arssenasa.gob.do\/wp-content\/uploads\/2023\/09\/canalesalternos04.png\" class=\"attachment-full size-full wp-image-17412\" alt=\"Oficina Virtual, en nuestro portal web al hacer clic en el bot\u00f3n Oficina Virtual encontrar\u00e1s todos nuestros servicios regulares.\" srcset=\"https:\/\/www.arssenasa.gob.do\/wp-content\/uploads\/2023\/09\/canalesalternos04.png 1200w, https:\/\/www.arssenasa.gob.do\/wp-content\/uploads\/2023\/09\/canalesalternos04-300x189.png 300w, https:\/\/www.arssenasa.gob.do\/wp-content\/uploads\/2023\/09\/canalesalternos04-1024x646.png 1024w, https:\/\/www.arssenasa.gob.do\/wp-content\/uploads\/2023\/09\/canalesalternos04-768x484.png 768w\" sizes=\"(max-width: 1200px) 100vw, 1200px\" \/>\t\t\t\t\t\t\t\t<\/a>\n\t\t\t\t\t\t\t\t\t\t\t\t\t\t\t<\/div>\n\t\t\t\t<\/div>\n\t\t\t\t<\/div>\n\t\t\t\t<\/div>\n\t\t","protected":false},"excerpt":{"rendered":"","protected":false},"author":3,"featured_media":0,"parent":0,"menu_order":0,"comment_status":"closed","ping_status":"closed","template":"elementor_header_footer","meta":{"inline_featured_image":false,"yasr_overall_rating":0,"yasr_post_is_review":"","yasr_auto_insert_disabled":"","yasr_review_type":"","_glsr_average":0,"_glsr_ranking":0,"_glsr_reviews":0,"footnotes":""},"class_list":["post-17405","page","type-page","status-publish","hentry"],"yoast_head":"<!-- This site is optimized with the Yoast SEO plugin v26.6 - https:\/\/yoast.com\/wordpress\/plugins\/seo\/ -->\n<title>Canales Alternos - ARSSeNaSa<\/title>\n<meta name=\"robots\" content=\"index, follow, max-snippet:-1, max-image-preview:large, max-video-preview:-1\" \/>\n<link rel=\"canonical\" href=\"https:\/\/www.arssenasa.gob.do\/index.php\/canales-alternos\/\" \/>\n<meta property=\"og:locale\" content=\"es_ES\" \/>\n<meta property=\"og:type\" content=\"article\" \/>\n<meta property=\"og:title\" content=\"Canales Alternos - ARSSeNaSa\" \/>\n<meta property=\"og:url\" content=\"https:\/\/www.arssenasa.gob.do\/index.php\/canales-alternos\/\" \/>\n<meta property=\"og:site_name\" content=\"ARSSeNaSa\" \/>\n<meta property=\"article:publisher\" content=\"https:\/\/www.facebook.com\/ARSSeNaSaRD\" \/>\n<meta property=\"article:modified_time\" content=\"2024-02-14T17:00:36+00:00\" \/>\n<meta property=\"og:image\" content=\"https:\/\/www.arssenasa.gob.do\/wp-content\/uploads\/2023\/09\/canalesalternos01.png\" \/>\n<meta name=\"twitter:card\" content=\"summary_large_image\" \/>\n<meta name=\"twitter:site\" content=\"@arssenasard\" \/>\n<meta name=\"twitter:label1\" content=\"Est. reading time\" \/>\n\t<meta name=\"twitter:data1\" content=\"3 minutos\" \/>\n<script type=\"application\/ld+json\" class=\"yoast-schema-graph\">{\"@context\":\"https:\/\/schema.org\",\"@graph\":[{\"@type\":\"WebPage\",\"@id\":\"https:\/\/www.arssenasa.gob.do\/index.php\/canales-alternos\/\",\"url\":\"https:\/\/www.arssenasa.gob.do\/index.php\/canales-alternos\/\",\"name\":\"Canales Alternos - ARSSeNaSa\",\"isPartOf\":{\"@id\":\"https:\/\/www.arssenasa.gob.do\/#website\"},\"primaryImageOfPage\":{\"@id\":\"https:\/\/www.arssenasa.gob.do\/index.php\/canales-alternos\/#primaryimage\"},\"image\":{\"@id\":\"https:\/\/www.arssenasa.gob.do\/index.php\/canales-alternos\/#primaryimage\"},\"thumbnailUrl\":\"https:\/\/www.arssenasa.gob.do\/wp-content\/uploads\/2023\/09\/canalesalternos01.png\",\"datePublished\":\"2023-09-05T18:34:33+00:00\",\"dateModified\":\"2024-02-14T17:00:36+00:00\",\"breadcrumb\":{\"@id\":\"https:\/\/www.arssenasa.gob.do\/index.php\/canales-alternos\/#breadcrumb\"},\"inLanguage\":\"es\",\"potentialAction\":[{\"@type\":\"ReadAction\",\"target\":[\"https:\/\/www.arssenasa.gob.do\/index.php\/canales-alternos\/\"]}]},{\"@type\":\"ImageObject\",\"inLanguage\":\"es\",\"@id\":\"https:\/\/www.arssenasa.gob.do\/index.php\/canales-alternos\/#primaryimage\",\"url\":\"https:\/\/www.arssenasa.gob.do\/wp-content\/uploads\/2023\/09\/canalesalternos01.png\",\"contentUrl\":\"https:\/\/www.arssenasa.gob.do\/wp-content\/uploads\/2023\/09\/canalesalternos01.png\",\"width\":1200,\"height\":574,\"caption\":\"Conoce nuestros canales alternos de servicios\"},{\"@type\":\"BreadcrumbList\",\"@id\":\"https:\/\/www.arssenasa.gob.do\/index.php\/canales-alternos\/#breadcrumb\",\"itemListElement\":[{\"@type\":\"ListItem\",\"position\":1,\"name\":\"Inicio\",\"item\":\"https:\/\/www.arssenasa.gob.do\/\"},{\"@type\":\"ListItem\",\"position\":2,\"name\":\"Canales Alternos\"}]},{\"@type\":\"WebSite\",\"@id\":\"https:\/\/www.arssenasa.gob.do\/#website\",\"url\":\"https:\/\/www.arssenasa.gob.do\/\",\"name\":\"ARSSeNaSa\",\"description\":\"\",\"publisher\":{\"@id\":\"https:\/\/www.arssenasa.gob.do\/#organization\"},\"potentialAction\":[{\"@type\":\"SearchAction\",\"target\":{\"@type\":\"EntryPoint\",\"urlTemplate\":\"https:\/\/www.arssenasa.gob.do\/?s={search_term_string}\"},\"query-input\":{\"@type\":\"PropertyValueSpecification\",\"valueRequired\":true,\"valueName\":\"search_term_string\"}}],\"inLanguage\":\"es\"},{\"@type\":\"Organization\",\"@id\":\"https:\/\/www.arssenasa.gob.do\/#organization\",\"name\":\"SeNaSa - Seguro Nacional de Salud\",\"url\":\"https:\/\/www.arssenasa.gob.do\/\",\"logo\":{\"@type\":\"ImageObject\",\"inLanguage\":\"es\",\"@id\":\"https:\/\/www.arssenasa.gob.do\/#\/schema\/logo\/image\/\",\"url\":\"https:\/\/www.arssenasa.gob.do\/wp-content\/uploads\/2018\/11\/logo2022.png\",\"contentUrl\":\"https:\/\/www.arssenasa.gob.do\/wp-content\/uploads\/2018\/11\/logo2022.png\",\"width\":310,\"height\":200,\"caption\":\"SeNaSa - Seguro Nacional de Salud\"},\"image\":{\"@id\":\"https:\/\/www.arssenasa.gob.do\/#\/schema\/logo\/image\/\"},\"sameAs\":[\"https:\/\/www.facebook.com\/ARSSeNaSaRD\",\"https:\/\/x.com\/arssenasard\",\"https:\/\/www.instagram.com\/arssenasard\/\",\"https:\/\/www.youtube.com\/user\/ARSSeNaSa\"]},false]}<\/script>\n<!-- \/ Yoast SEO plugin. -->","yoast_head_json":{"title":"Canales Alternos - ARSSeNaSa","robots":{"index":"index","follow":"follow","max-snippet":"max-snippet:-1","max-image-preview":"max-image-preview:large","max-video-preview":"max-video-preview:-1"},"canonical":"https:\/\/www.arssenasa.gob.do\/index.php\/canales-alternos\/","og_locale":"es_ES","og_type":"article","og_title":"Canales Alternos - ARSSeNaSa","og_url":"https:\/\/www.arssenasa.gob.do\/index.php\/canales-alternos\/","og_site_name":"ARSSeNaSa","article_publisher":"https:\/\/www.facebook.com\/ARSSeNaSaRD","article_modified_time":"2024-02-14T17:00:36+00:00","og_image":[{"url":"https:\/\/www.arssenasa.gob.do\/wp-content\/uploads\/2023\/09\/canalesalternos01.png","type":"","width":"","height":""}],"twitter_card":"summary_large_image","twitter_site":"@arssenasard","twitter_misc":{"Est. reading time":"3 minutos"},"schema":{"@context":"https:\/\/schema.org","@graph":[{"@type":"WebPage","@id":"https:\/\/www.arssenasa.gob.do\/index.php\/canales-alternos\/","url":"https:\/\/www.arssenasa.gob.do\/index.php\/canales-alternos\/","name":"Canales Alternos - ARSSeNaSa","isPartOf":{"@id":"https:\/\/www.arssenasa.gob.do\/#website"},"primaryImageOfPage":{"@id":"https:\/\/www.arssenasa.gob.do\/index.php\/canales-alternos\/#primaryimage"},"image":{"@id":"https:\/\/www.arssenasa.gob.do\/index.php\/canales-alternos\/#primaryimage"},"thumbnailUrl":"https:\/\/www.arssenasa.gob.do\/wp-content\/uploads\/2023\/09\/canalesalternos01.png","datePublished":"2023-09-05T18:34:33+00:00","dateModified":"2024-02-14T17:00:36+00:00","breadcrumb":{"@id":"https:\/\/www.arssenasa.gob.do\/index.php\/canales-alternos\/#breadcrumb"},"inLanguage":"es","potentialAction":[{"@type":"ReadAction","target":["https:\/\/www.arssenasa.gob.do\/index.php\/canales-alternos\/"]}]},{"@type":"ImageObject","inLanguage":"es","@id":"https:\/\/www.arssenasa.gob.do\/index.php\/canales-alternos\/#primaryimage","url":"https:\/\/www.arssenasa.gob.do\/wp-content\/uploads\/2023\/09\/canalesalternos01.png","contentUrl":"https:\/\/www.arssenasa.gob.do\/wp-content\/uploads\/2023\/09\/canalesalternos01.png","width":1200,"height":574,"caption":"Conoce nuestros canales alternos de servicios"},{"@type":"BreadcrumbList","@id":"https:\/\/www.arssenasa.gob.do\/index.php\/canales-alternos\/#breadcrumb","itemListElement":[{"@type":"ListItem","position":1,"name":"Inicio","item":"https:\/\/www.arssenasa.gob.do\/"},{"@type":"ListItem","position":2,"name":"Canales Alternos"}]},{"@type":"WebSite","@id":"https:\/\/www.arssenasa.gob.do\/#website","url":"https:\/\/www.arssenasa.gob.do\/","name":"ARSSeNaSa","description":"","publisher":{"@id":"https:\/\/www.arssenasa.gob.do\/#organization"},"potentialAction":[{"@type":"SearchAction","target":{"@type":"EntryPoint","urlTemplate":"https:\/\/www.arssenasa.gob.do\/?s={search_term_string}"},"query-input":{"@type":"PropertyValueSpecification","valueRequired":true,"valueName":"search_term_string"}}],"inLanguage":"es"},{"@type":"Organization","@id":"https:\/\/www.arssenasa.gob.do\/#organization","name":"SeNaSa - Seguro Nacional de Salud","url":"https:\/\/www.arssenasa.gob.do\/","logo":{"@type":"ImageObject","inLanguage":"es","@id":"https:\/\/www.arssenasa.gob.do\/#\/schema\/logo\/image\/","url":"https:\/\/www.arssenasa.gob.do\/wp-content\/uploads\/2018\/11\/logo2022.png","contentUrl":"https:\/\/www.arssenasa.gob.do\/wp-content\/uploads\/2018\/11\/logo2022.png","width":310,"height":200,"caption":"SeNaSa - Seguro Nacional de Salud"},"image":{"@id":"https:\/\/www.arssenasa.gob.do\/#\/schema\/logo\/image\/"},"sameAs":["https:\/\/www.facebook.com\/ARSSeNaSaRD","https:\/\/x.com\/arssenasard","https:\/\/www.instagram.com\/arssenasard\/","https:\/\/www.youtube.com\/user\/ARSSeNaSa"]},false]}},"yasr_visitor_votes":{"stars_attributes":{"read_only":false,"span_bottom":false},"number_of_votes":0,"sum_votes":0},"_links":{"self":[{"href":"https:\/\/www.arssenasa.gob.do\/index.php\/wp-json\/wp\/v2\/pages\/17405","targetHints":{"allow":["GET"]}}],"collection":[{"href":"https:\/\/www.arssenasa.gob.do\/index.php\/wp-json\/wp\/v2\/pages"}],"about":[{"href":"https:\/\/www.arssenasa.gob.do\/index.php\/wp-json\/wp\/v2\/types\/page"}],"author":[{"embeddable":true,"href":"https:\/\/www.arssenasa.gob.do\/index.php\/wp-json\/wp\/v2\/users\/3"}],"replies":[{"embeddable":true,"href":"https:\/\/www.arssenasa.gob.do\/index.php\/wp-json\/wp\/v2\/comments?post=17405"}],"version-history":[{"count":7,"href":"https:\/\/www.arssenasa.gob.do\/index.php\/wp-json\/wp\/v2\/pages\/17405\/revisions"}],"predecessor-version":[{"id":17985,"href":"https:\/\/www.arssenasa.gob.do\/index.php\/wp-json\/wp\/v2\/pages\/17405\/revisions\/17985"}],"wp:attachment":[{"href":"https:\/\/www.arssenasa.gob.do\/index.php\/wp-json\/wp\/v2\/media?parent=17405"}],"curies":[{"name":"wp","href":"https:\/\/api.w.org\/{rel}","templated":true}]}}