{"id":19382,"date":"2025-01-17T12:42:31","date_gmt":"2025-01-17T16:42:31","guid":{"rendered":"https:\/\/www.arssenasa.gob.do\/?page_id=19382"},"modified":"2025-01-17T12:48:26","modified_gmt":"2025-01-17T16:48:26","slug":"politicas-de-privacidad-app-senasa","status":"publish","type":"page","link":"https:\/\/www.arssenasa.gob.do\/index.php\/politicas-de-privacidad-app-senasa\/","title":{"rendered":"Pol\u00edticas de Privacidad &#8211; App SeNaSa"},"content":{"rendered":"\t\t<div data-elementor-type=\"wp-post\" data-elementor-id=\"19382\" class=\"elementor elementor-19382\" data-elementor-settings=\"{&quot;ha_cmc_init_switcher&quot;:&quot;no&quot;}\" data-elementor-post-type=\"page\">\n\t\t\t\t<div class=\"elementor-element elementor-element-a58c72a e-con-full e-flex e-con e-parent\" data-id=\"a58c72a\" data-element_type=\"container\" data-settings=\"{&quot;background_background&quot;:&quot;classic&quot;,&quot;_ha_eqh_enable&quot;:false}\">\n\t\t\t\t<div class=\"elementor-element elementor-element-5ecb40a elementor-widget__width-inherit elementor-widget elementor-widget-template\" data-id=\"5ecb40a\" data-element_type=\"widget\" data-widget_type=\"template.default\">\n\t\t\t\t<div class=\"elementor-widget-container\">\n\t\t\t\t\t\t\t<div class=\"elementor-template\">\n\t\t\t\t\t<header data-elementor-type=\"header\" data-elementor-id=\"7953\" class=\"elementor elementor-7953\" data-elementor-settings=\"{&quot;ha_cmc_init_switcher&quot;:&quot;no&quot;}\" data-elementor-post-type=\"elementor_library\">\n\t\t\t<div class=\"elementor-element elementor-element-2b96271 e-flex e-con-boxed e-con e-parent\" data-id=\"2b96271\" data-element_type=\"container\" data-settings=\"{&quot;background_background&quot;:&quot;classic&quot;,&quot;_ha_eqh_enable&quot;:false}\">\n\t\t\t\t\t<div class=\"e-con-inner\">\n\t\t\t\t<div class=\"elementor-element elementor-element-83d270e elementor-widget elementor-widget-breadcrumbs\" data-id=\"83d270e\" data-element_type=\"widget\" data-widget_type=\"breadcrumbs.default\">\n\t\t\t\t<div class=\"elementor-widget-container\">\n\t\t\t\t\t<p id=\"breadcrumbs\"><span><span><a href=\"https:\/\/www.arssenasa.gob.do\/\">Inicio<\/a><\/span><\/span><\/p>\t\t\t\t<\/div>\n\t\t\t\t<\/div>\n\t\t\t\t\t<\/div>\n\t\t\t\t<\/div>\n\t\t\t\t<\/header>\n\t\t\t\t<\/div>\n\t\t\t\t\t\t<\/div>\n\t\t\t\t<\/div>\n\t\t\t\t<div class=\"elementor-element elementor-element-51b2c07 elementor-widget__width-inherit elementor-widget elementor-widget-template\" data-id=\"51b2c07\" data-element_type=\"widget\" data-widget_type=\"template.default\">\n\t\t\t\t<div class=\"elementor-widget-container\">\n\t\t\t\t\t\t\t<div class=\"elementor-template\">\n\t\t\t\t\t<div data-elementor-type=\"section\" data-elementor-id=\"10923\" class=\"elementor elementor-10923\" data-elementor-settings=\"{&quot;ha_cmc_init_switcher&quot;:&quot;no&quot;}\" data-elementor-post-type=\"elementor_library\">\n\t\t\t<div class=\"elementor-element elementor-element-be1769a e-flex e-con-boxed e-con e-parent\" data-id=\"be1769a\" data-element_type=\"container\" data-settings=\"{&quot;_ha_eqh_enable&quot;:false}\">\n\t\t\t\t\t<div class=\"e-con-inner\">\n\t\t<div class=\"elementor-element elementor-element-b715723 e-con-full e-flex e-con e-child\" data-id=\"b715723\" data-element_type=\"container\" data-settings=\"{&quot;_ha_eqh_enable&quot;:false}\">\n\t\t\t\t<div class=\"elementor-element elementor-element-0a304c6 elementor-share-buttons--view-icon elementor-share-buttons--skin-minimal elementor-share-buttons--shape-circle elementor-share-buttons--color-custom elementor-grid-0 elementor-widget elementor-widget-share-buttons\" data-id=\"0a304c6\" data-element_type=\"widget\" data-widget_type=\"share-buttons.default\">\n\t\t\t\t<div class=\"elementor-widget-container\">\n\t\t\t\t\t\t\t<div class=\"elementor-grid\" role=\"list\">\n\t\t\t\t\t\t\t\t<div class=\"elementor-grid-item\" role=\"listitem\">\n\t\t\t\t\t\t<div class=\"elementor-share-btn elementor-share-btn_print\" role=\"button\" tabindex=\"0\" aria-label=\"Share on print\">\n\t\t\t\t\t\t\t\t\t\t\t\t\t\t\t<span class=\"elementor-share-btn__icon\">\n\t\t\t\t\t\t\t\t<svg aria-hidden=\"true\" class=\"e-font-icon-svg e-fas-print\" viewBox=\"0 0 512 512\" xmlns=\"http:\/\/www.w3.org\/2000\/svg\"><path d=\"M448 192V77.25c0-8.49-3.37-16.62-9.37-22.63L393.37 9.37c-6-6-14.14-9.37-22.63-9.37H96C78.33 0 64 14.33 64 32v160c-35.35 0-64 28.65-64 64v112c0 8.84 7.16 16 16 16h48v96c0 17.67 14.33 32 32 32h320c17.67 0 32-14.33 32-32v-96h48c8.84 0 16-7.16 16-16V256c0-35.35-28.65-64-64-64zm-64 256H128v-96h256v96zm0-224H128V64h192v48c0 8.84 7.16 16 16 16h48v96zm48 72c-13.25 0-24-10.75-24-24 0-13.26 10.75-24 24-24s24 10.74 24 24c0 13.25-10.75 24-24 24z\"><\/path><\/svg>\t\t\t\t\t\t\t<\/span>\n\t\t\t\t\t\t\t\t\t\t\t\t\t\t\t\t\t\t\t\t<\/div>\n\t\t\t\t\t<\/div>\n\t\t\t\t\t\t\t\t\t<div class=\"elementor-grid-item\" role=\"listitem\">\n\t\t\t\t\t\t<div class=\"elementor-share-btn elementor-share-btn_email\" role=\"button\" tabindex=\"0\" aria-label=\"Share on email\">\n\t\t\t\t\t\t\t\t\t\t\t\t\t\t\t<span class=\"elementor-share-btn__icon\">\n\t\t\t\t\t\t\t\t<svg aria-hidden=\"true\" class=\"e-font-icon-svg e-fas-envelope\" viewBox=\"0 0 512 512\" xmlns=\"http:\/\/www.w3.org\/2000\/svg\"><path d=\"M502.3 190.8c3.9-3.1 9.7-.2 9.7 4.7V400c0 26.5-21.5 48-48 48H48c-26.5 0-48-21.5-48-48V195.6c0-5 5.7-7.8 9.7-4.7 22.4 17.4 52.1 39.5 154.1 113.6 21.1 15.4 56.7 47.8 92.2 47.6 35.7.3 72-32.8 92.3-47.6 102-74.1 131.6-96.3 154-113.7zM256 320c23.2.4 56.6-29.2 73.4-41.4 132.7-96.3 142.8-104.7 173.4-128.7 5.8-4.5 9.2-11.5 9.2-18.9v-19c0-26.5-21.5-48-48-48H48C21.5 64 0 85.5 0 112v19c0 7.4 3.4 14.3 9.2 18.9 30.6 23.9 40.7 32.4 173.4 128.7 16.8 12.2 50.2 41.8 73.4 41.4z\"><\/path><\/svg>\t\t\t\t\t\t\t<\/span>\n\t\t\t\t\t\t\t\t\t\t\t\t\t\t\t\t\t\t\t\t<\/div>\n\t\t\t\t\t<\/div>\n\t\t\t\t\t\t<\/div>\n\t\t\t\t\t\t<\/div>\n\t\t\t\t<\/div>\n\t\t\t\t<\/div>\n\t\t\t\t\t<\/div>\n\t\t\t\t<\/div>\n\t\t\t\t<\/div>\n\t\t\t\t<\/div>\n\t\t\t\t\t\t<\/div>\n\t\t\t\t<\/div>\n\t\t\t\t<div class=\"elementor-element elementor-element-f820f23 elementor-widget__width-inherit elementor-widget elementor-widget-text-editor\" data-id=\"f820f23\" data-element_type=\"widget\" id=\"content\" data-widget_type=\"text-editor.default\">\n\t\t\t\t<div class=\"elementor-widget-container\">\n\t\t\t\t\t\t\t\t\t<h2><strong>Pol\u00edticas de Privacidad<\/strong><\/h2>\n<div>Fecha de entrada en vigor: 17\/1\/2025<\/div>\n<div>&nbsp;<\/div>\n<div><b>1. Introducci\u00f3n<\/b><\/div>\n<div>&nbsp;<\/div>\n<div><b>App SeNaSa<\/b>&nbsp;(\u00abla Aplicaci\u00f3n\u00bb) est\u00e1 comprometida a proteger la privacidad de sus usuarios. Esta Pol\u00edtica de Privacidad describe c\u00f3mo recopilamos, usamos y compartimos la informaci\u00f3n proporcionada por los usuarios de nuestra aplicaci\u00f3n m\u00f3vil disponible para Android e iOS.<\/div>\n<div>&nbsp;<\/div>\n<div><b>2. Informaci\u00f3n que Recopilamos<\/b><\/div>\n<div>&nbsp;<\/div>\n<div>Podemos recopilar los siguientes tipos de informaci\u00f3n:<\/div>\n<div>&nbsp;<\/div>\n<div>Informaci\u00f3n personal proporcionada por el usuario: Cuando te registras, creas un perfil o interact\u00fabas con la Aplicaci\u00f3n, podemos recopilar informaci\u00f3n como tu nombre, direcci\u00f3n de correo electr\u00f3nico y n\u00famero de tel\u00e9fono.<\/div>\n<div>&nbsp;<\/div>\n<div>Datos de ubicaci\u00f3n: Con tu consentimiento, la Aplicaci\u00f3n puede recopilar datos de ubicaci\u00f3n precisos o aproximados a trav\u00e9s de tecnolog\u00edas como GPS, Wi-Fi o Bluetooth.<\/div>\n<div>&nbsp;<\/div>\n<div>Datos de uso: Informaci\u00f3n sobre c\u00f3mo utilizas la Aplicaci\u00f3n, incluyendo funciones accedidas, tiempo de uso y errores t\u00e9cnicos.<\/div>\n<div>&nbsp;<\/div>\n<div><b>3. C\u00f3mo Usamos la Informaci\u00f3n<\/b><\/div>\n<div>&nbsp;<\/div>\n<div>Utilizamos la informaci\u00f3n recopilada para:<\/div>\n<div>&nbsp;<\/div>\n<div>Proveer y mejorar la funcionalidad de la Aplicaci\u00f3n.<\/div>\n<div>&nbsp;<\/div>\n<div>Personalizar la experiencia del usuario.<\/div>\n<div>&nbsp;<\/div>\n<div>Proveer servicios basados en la ubicaci\u00f3n, como recomendaciones o direcciones.<\/div>\n<div>&nbsp;<\/div>\n<div>Enviar notificaciones, actualizaciones y comunicaciones importantes relacionadas con el uso de la Aplicaci\u00f3n.<\/div>\n<div>&nbsp;<\/div>\n<div><b>4. Compartir Informaci\u00f3n<\/b><\/div>\n<div>&nbsp;<\/div>\n<div>No compartimos informaci\u00f3n personal con terceros, excepto en los siguientes casos:<\/div>\n<div>&nbsp;<\/div>\n<div>Con proveedores de servicios que nos ayudan a operar la Aplicaci\u00f3n bajo estrictas obligaciones de confidencialidad.<\/div>\n<div>&nbsp;<\/div>\n<div>Si es requerido por ley o en respuesta a una orden judicial.<\/div>\n<div>&nbsp;<\/div>\n<div>Para proteger los derechos, la seguridad o la propiedad de ARS SeNaSa o sus usuarios.<\/div>\n<div>&nbsp;<\/div>\n<div><b>5. Opciones del Usuario<\/b><\/div>\n<div>&nbsp;<\/div>\n<div>Puedes controlar el uso de tus datos de la siguiente manera:<\/div>\n<div>&nbsp;<\/div>\n<div>Ubicaci\u00f3n: Puedes habilitar o deshabilitar los permisos de ubicaci\u00f3n desde la configuraci\u00f3n de tu dispositivo.<\/div>\n<div>&nbsp;<\/div>\n<div>Notificaciones: Puedes gestionar las preferencias de notificaciones en la configuraci\u00f3n de la Aplicaci\u00f3n o del dispositivo.<\/div>\n<div>&nbsp;<\/div>\n<div><b>6. Seguridad de los Datos<\/b><\/div>\n<div>&nbsp;<\/div>\n<div>Implementamos medidas de seguridad adecuadas para proteger tus datos personales contra accesos no autorizados, alteraciones y divulgaciones. Sin embargo, ninguna medida de seguridad es completamente infalible.<\/div>\n<div>&nbsp;<\/div>\n<div><b>7. Retenci\u00f3n de Datos<\/b><\/div>\n<div>&nbsp;<\/div>\n<div>Retendremos tu informaci\u00f3n personal solo durante el tiempo necesario para cumplir con los prop\u00f3sitos descritos en esta pol\u00edtica, salvo que se requiera un per\u00edodo de retenci\u00f3n m\u00e1s largo por ley.<\/div>\n<div>&nbsp;<\/div>\n<div><b>8. Privacidad de los Ni\u00f1os<\/b><\/div>\n<div>&nbsp;<\/div>\n<div>Nuestra aplicaci\u00f3n no est\u00e1 destinada a menores de 13 a\u00f1os. No recopilamos intencionadamente informaci\u00f3n de menores sin el consentimiento de los padres o tutores.<\/div>\n<div>&nbsp;<\/div>\n<div><b>9. Cambios en la Pol\u00edtica de Privacidad<\/b><\/div>\n<div>&nbsp;<\/div>\n<div>Podemos actualizar esta Pol\u00edtica de Privacidad de vez en cuando. Publicaremos la versi\u00f3n revisada con una nueva fecha de entrada en vigor y, si es necesario, notificaremos cambios significativos.<\/div>\n<div>&nbsp;<\/div>\n<div><b>10. Contacto<\/b><\/div>\n<div>&nbsp;<\/div>\n<div>Si tienes preguntas o inquietudes sobre esta Pol\u00edtica de Privacidad, cont\u00e1ctanos en:<\/div>\n<div>&nbsp;<\/div>\n<div><a href=\"mailto:info@arssenasa.gob.do\">info@arssenasa.gob.do<\/a><\/div>\t\t\t\t\t\t\t\t<\/div>\n\t\t\t\t<\/div>\n\t\t\t\t<\/div>\n\t\t\t\t<\/div>\n\t\t","protected":false},"excerpt":{"rendered":"<p>Pol\u00edticas de Privacidad Fecha de entrada en vigor: 17\/1\/2025 &nbsp; 1. Introducci\u00f3n &nbsp; App SeNaSa&nbsp;(\u00abla Aplicaci\u00f3n\u00bb) est\u00e1 comprometida a proteger la privacidad de sus usuarios. Esta Pol\u00edtica de Privacidad describe c\u00f3mo recopilamos, usamos y compartimos la informaci\u00f3n proporcionada por los usuarios de nuestra aplicaci\u00f3n m\u00f3vil disponible para Android e iOS. &nbsp; 2. Informaci\u00f3n que Recopilamos [&hellip;]<\/p>\n","protected":false},"author":3,"featured_media":0,"parent":0,"menu_order":0,"comment_status":"closed","ping_status":"closed","template":"elementor_header_footer","meta":{"inline_featured_image":false,"yasr_overall_rating":0,"yasr_post_is_review":"","yasr_auto_insert_disabled":"","yasr_review_type":"","_glsr_average":0,"_glsr_ranking":0,"_glsr_reviews":0,"footnotes":""},"class_list":["post-19382","page","type-page","status-publish","hentry"],"yoast_head":"<!-- This site is optimized with the Yoast SEO plugin v26.6 - https:\/\/yoast.com\/wordpress\/plugins\/seo\/ -->\n<title>Pol\u00edticas de Privacidad - App SeNaSa - ARSSeNaSa<\/title>\n<meta name=\"robots\" content=\"index, follow, max-snippet:-1, max-image-preview:large, max-video-preview:-1\" \/>\n<link rel=\"canonical\" href=\"https:\/\/www.arssenasa.gob.do\/index.php\/politicas-de-privacidad-app-senasa\/\" \/>\n<meta property=\"og:locale\" content=\"es_ES\" \/>\n<meta property=\"og:type\" content=\"article\" \/>\n<meta property=\"og:title\" content=\"Pol\u00edticas de Privacidad - App SeNaSa - ARSSeNaSa\" \/>\n<meta property=\"og:description\" content=\"Pol\u00edticas de Privacidad Fecha de entrada en vigor: 17\/1\/2025 &nbsp; 1. Introducci\u00f3n &nbsp; App SeNaSa&nbsp;(\u00abla Aplicaci\u00f3n\u00bb) est\u00e1 comprometida a proteger la privacidad de sus usuarios. Esta Pol\u00edtica de Privacidad describe c\u00f3mo recopilamos, usamos y compartimos la informaci\u00f3n proporcionada por los usuarios de nuestra aplicaci\u00f3n m\u00f3vil disponible para Android e iOS. &nbsp; 2. Informaci\u00f3n que Recopilamos [&hellip;]\" \/>\n<meta property=\"og:url\" content=\"https:\/\/www.arssenasa.gob.do\/index.php\/politicas-de-privacidad-app-senasa\/\" \/>\n<meta property=\"og:site_name\" content=\"ARSSeNaSa\" \/>\n<meta property=\"article:publisher\" content=\"https:\/\/www.facebook.com\/ARSSeNaSaRD\" \/>\n<meta property=\"article:modified_time\" content=\"2025-01-17T16:48:26+00:00\" \/>\n<meta name=\"twitter:card\" content=\"summary_large_image\" \/>\n<meta name=\"twitter:site\" content=\"@arssenasard\" \/>\n<meta name=\"twitter:label1\" content=\"Est. reading time\" \/>\n\t<meta name=\"twitter:data1\" content=\"7 minutos\" \/>\n<script type=\"application\/ld+json\" class=\"yoast-schema-graph\">{\"@context\":\"https:\/\/schema.org\",\"@graph\":[{\"@type\":\"WebPage\",\"@id\":\"https:\/\/www.arssenasa.gob.do\/index.php\/politicas-de-privacidad-app-senasa\/\",\"url\":\"https:\/\/www.arssenasa.gob.do\/index.php\/politicas-de-privacidad-app-senasa\/\",\"name\":\"Pol\u00edticas de Privacidad - App SeNaSa - ARSSeNaSa\",\"isPartOf\":{\"@id\":\"https:\/\/www.arssenasa.gob.do\/#website\"},\"datePublished\":\"2025-01-17T16:42:31+00:00\",\"dateModified\":\"2025-01-17T16:48:26+00:00\",\"breadcrumb\":{\"@id\":\"https:\/\/www.arssenasa.gob.do\/index.php\/politicas-de-privacidad-app-senasa\/#breadcrumb\"},\"inLanguage\":\"es\",\"potentialAction\":[{\"@type\":\"ReadAction\",\"target\":[\"https:\/\/www.arssenasa.gob.do\/index.php\/politicas-de-privacidad-app-senasa\/\"]}]},{\"@type\":\"BreadcrumbList\",\"@id\":\"https:\/\/www.arssenasa.gob.do\/index.php\/politicas-de-privacidad-app-senasa\/#breadcrumb\",\"itemListElement\":[{\"@type\":\"ListItem\",\"position\":1,\"name\":\"Inicio\",\"item\":\"https:\/\/www.arssenasa.gob.do\/\"},{\"@type\":\"ListItem\",\"position\":2,\"name\":\"Pol\u00edticas de Privacidad &#8211; App SeNaSa\"}]},{\"@type\":\"WebSite\",\"@id\":\"https:\/\/www.arssenasa.gob.do\/#website\",\"url\":\"https:\/\/www.arssenasa.gob.do\/\",\"name\":\"ARSSeNaSa\",\"description\":\"\",\"publisher\":{\"@id\":\"https:\/\/www.arssenasa.gob.do\/#organization\"},\"potentialAction\":[{\"@type\":\"SearchAction\",\"target\":{\"@type\":\"EntryPoint\",\"urlTemplate\":\"https:\/\/www.arssenasa.gob.do\/?s={search_term_string}\"},\"query-input\":{\"@type\":\"PropertyValueSpecification\",\"valueRequired\":true,\"valueName\":\"search_term_string\"}}],\"inLanguage\":\"es\"},{\"@type\":\"Organization\",\"@id\":\"https:\/\/www.arssenasa.gob.do\/#organization\",\"name\":\"SeNaSa - Seguro Nacional de Salud\",\"url\":\"https:\/\/www.arssenasa.gob.do\/\",\"logo\":{\"@type\":\"ImageObject\",\"inLanguage\":\"es\",\"@id\":\"https:\/\/www.arssenasa.gob.do\/#\/schema\/logo\/image\/\",\"url\":\"https:\/\/www.arssenasa.gob.do\/wp-content\/uploads\/2018\/11\/logo2022.png\",\"contentUrl\":\"https:\/\/www.arssenasa.gob.do\/wp-content\/uploads\/2018\/11\/logo2022.png\",\"width\":310,\"height\":200,\"caption\":\"SeNaSa - Seguro Nacional de Salud\"},\"image\":{\"@id\":\"https:\/\/www.arssenasa.gob.do\/#\/schema\/logo\/image\/\"},\"sameAs\":[\"https:\/\/www.facebook.com\/ARSSeNaSaRD\",\"https:\/\/x.com\/arssenasard\",\"https:\/\/www.instagram.com\/arssenasard\/\",\"https:\/\/www.youtube.com\/user\/ARSSeNaSa\"]},false]}<\/script>\n<!-- \/ Yoast SEO plugin. -->","yoast_head_json":{"title":"Pol\u00edticas de Privacidad - App SeNaSa - ARSSeNaSa","robots":{"index":"index","follow":"follow","max-snippet":"max-snippet:-1","max-image-preview":"max-image-preview:large","max-video-preview":"max-video-preview:-1"},"canonical":"https:\/\/www.arssenasa.gob.do\/index.php\/politicas-de-privacidad-app-senasa\/","og_locale":"es_ES","og_type":"article","og_title":"Pol\u00edticas de Privacidad - App SeNaSa - ARSSeNaSa","og_description":"Pol\u00edticas de Privacidad Fecha de entrada en vigor: 17\/1\/2025 &nbsp; 1. Introducci\u00f3n &nbsp; App SeNaSa&nbsp;(\u00abla Aplicaci\u00f3n\u00bb) est\u00e1 comprometida a proteger la privacidad de sus usuarios. Esta Pol\u00edtica de Privacidad describe c\u00f3mo recopilamos, usamos y compartimos la informaci\u00f3n proporcionada por los usuarios de nuestra aplicaci\u00f3n m\u00f3vil disponible para Android e iOS. &nbsp; 2. Informaci\u00f3n que Recopilamos [&hellip;]","og_url":"https:\/\/www.arssenasa.gob.do\/index.php\/politicas-de-privacidad-app-senasa\/","og_site_name":"ARSSeNaSa","article_publisher":"https:\/\/www.facebook.com\/ARSSeNaSaRD","article_modified_time":"2025-01-17T16:48:26+00:00","twitter_card":"summary_large_image","twitter_site":"@arssenasard","twitter_misc":{"Est. reading time":"7 minutos"},"schema":{"@context":"https:\/\/schema.org","@graph":[{"@type":"WebPage","@id":"https:\/\/www.arssenasa.gob.do\/index.php\/politicas-de-privacidad-app-senasa\/","url":"https:\/\/www.arssenasa.gob.do\/index.php\/politicas-de-privacidad-app-senasa\/","name":"Pol\u00edticas de Privacidad - App SeNaSa - ARSSeNaSa","isPartOf":{"@id":"https:\/\/www.arssenasa.gob.do\/#website"},"datePublished":"2025-01-17T16:42:31+00:00","dateModified":"2025-01-17T16:48:26+00:00","breadcrumb":{"@id":"https:\/\/www.arssenasa.gob.do\/index.php\/politicas-de-privacidad-app-senasa\/#breadcrumb"},"inLanguage":"es","potentialAction":[{"@type":"ReadAction","target":["https:\/\/www.arssenasa.gob.do\/index.php\/politicas-de-privacidad-app-senasa\/"]}]},{"@type":"BreadcrumbList","@id":"https:\/\/www.arssenasa.gob.do\/index.php\/politicas-de-privacidad-app-senasa\/#breadcrumb","itemListElement":[{"@type":"ListItem","position":1,"name":"Inicio","item":"https:\/\/www.arssenasa.gob.do\/"},{"@type":"ListItem","position":2,"name":"Pol\u00edticas de Privacidad &#8211; App SeNaSa"}]},{"@type":"WebSite","@id":"https:\/\/www.arssenasa.gob.do\/#website","url":"https:\/\/www.arssenasa.gob.do\/","name":"ARSSeNaSa","description":"","publisher":{"@id":"https:\/\/www.arssenasa.gob.do\/#organization"},"potentialAction":[{"@type":"SearchAction","target":{"@type":"EntryPoint","urlTemplate":"https:\/\/www.arssenasa.gob.do\/?s={search_term_string}"},"query-input":{"@type":"PropertyValueSpecification","valueRequired":true,"valueName":"search_term_string"}}],"inLanguage":"es"},{"@type":"Organization","@id":"https:\/\/www.arssenasa.gob.do\/#organization","name":"SeNaSa - Seguro Nacional de Salud","url":"https:\/\/www.arssenasa.gob.do\/","logo":{"@type":"ImageObject","inLanguage":"es","@id":"https:\/\/www.arssenasa.gob.do\/#\/schema\/logo\/image\/","url":"https:\/\/www.arssenasa.gob.do\/wp-content\/uploads\/2018\/11\/logo2022.png","contentUrl":"https:\/\/www.arssenasa.gob.do\/wp-content\/uploads\/2018\/11\/logo2022.png","width":310,"height":200,"caption":"SeNaSa - Seguro Nacional de Salud"},"image":{"@id":"https:\/\/www.arssenasa.gob.do\/#\/schema\/logo\/image\/"},"sameAs":["https:\/\/www.facebook.com\/ARSSeNaSaRD","https:\/\/x.com\/arssenasard","https:\/\/www.instagram.com\/arssenasard\/","https:\/\/www.youtube.com\/user\/ARSSeNaSa"]},false]}},"yasr_visitor_votes":{"stars_attributes":{"read_only":false,"span_bottom":false},"number_of_votes":0,"sum_votes":0},"_links":{"self":[{"href":"https:\/\/www.arssenasa.gob.do\/index.php\/wp-json\/wp\/v2\/pages\/19382","targetHints":{"allow":["GET"]}}],"collection":[{"href":"https:\/\/www.arssenasa.gob.do\/index.php\/wp-json\/wp\/v2\/pages"}],"about":[{"href":"https:\/\/www.arssenasa.gob.do\/index.php\/wp-json\/wp\/v2\/types\/page"}],"author":[{"embeddable":true,"href":"https:\/\/www.arssenasa.gob.do\/index.php\/wp-json\/wp\/v2\/users\/3"}],"replies":[{"embeddable":true,"href":"https:\/\/www.arssenasa.gob.do\/index.php\/wp-json\/wp\/v2\/comments?post=19382"}],"version-history":[{"count":4,"href":"https:\/\/www.arssenasa.gob.do\/index.php\/wp-json\/wp\/v2\/pages\/19382\/revisions"}],"predecessor-version":[{"id":19386,"href":"https:\/\/www.arssenasa.gob.do\/index.php\/wp-json\/wp\/v2\/pages\/19382\/revisions\/19386"}],"wp:attachment":[{"href":"https:\/\/www.arssenasa.gob.do\/index.php\/wp-json\/wp\/v2\/media?parent=19382"}],"curies":[{"name":"wp","href":"https:\/\/api.w.org\/{rel}","templated":true}]}}