{"id":2498,"date":"2019-06-10T11:37:47","date_gmt":"2019-06-10T15:37:47","guid":{"rendered":"https:\/\/localhost\/wordpress\/?page_id=2498"},"modified":"2024-02-21T10:32:14","modified_gmt":"2024-02-21T14:32:14","slug":"rs-cobertura","status":"publish","type":"page","link":"https:\/\/www.arssenasa.gob.do\/index.php\/regimen-subsidiado\/rs-cobertura\/","title":{"rendered":"R\u00e9gimen Subsidiado al D\u00eda"},"content":{"rendered":"\t\t<div data-elementor-type=\"wp-post\" data-elementor-id=\"2498\" class=\"elementor elementor-2498\" data-elementor-settings=\"{&quot;ha_cmc_init_switcher&quot;:&quot;no&quot;}\" data-elementor-post-type=\"page\">\n\t\t\t\t<div class=\"elementor-element elementor-element-2a9473e e-con-full e-flex e-con e-parent\" data-id=\"2a9473e\" data-element_type=\"container\" data-settings=\"{&quot;background_background&quot;:&quot;classic&quot;,&quot;_ha_eqh_enable&quot;:false}\">\n\t\t\t\t<div class=\"elementor-element elementor-element-4d37cf6 elementor-widget__width-inherit elementor-widget elementor-widget-template\" data-id=\"4d37cf6\" data-element_type=\"widget\" data-widget_type=\"template.default\">\n\t\t\t\t<div class=\"elementor-widget-container\">\n\t\t\t\t\t\t\t<div class=\"elementor-template\">\n\t\t\t\t\t<div data-elementor-type=\"section\" data-elementor-id=\"10923\" class=\"elementor elementor-10923\" data-elementor-settings=\"{&quot;ha_cmc_init_switcher&quot;:&quot;no&quot;}\" data-elementor-post-type=\"elementor_library\">\n\t\t\t<div class=\"elementor-element elementor-element-be1769a e-flex e-con-boxed e-con e-parent\" data-id=\"be1769a\" data-element_type=\"container\" data-settings=\"{&quot;_ha_eqh_enable&quot;:false}\">\n\t\t\t\t\t<div class=\"e-con-inner\">\n\t\t<div class=\"elementor-element elementor-element-b715723 e-con-full e-flex e-con e-child\" data-id=\"b715723\" data-element_type=\"container\" data-settings=\"{&quot;_ha_eqh_enable&quot;:false}\">\n\t\t\t\t<div class=\"elementor-element elementor-element-0a304c6 elementor-share-buttons--view-icon elementor-share-buttons--skin-minimal elementor-share-buttons--shape-circle elementor-share-buttons--color-custom elementor-grid-0 elementor-widget elementor-widget-share-buttons\" data-id=\"0a304c6\" data-element_type=\"widget\" data-widget_type=\"share-buttons.default\">\n\t\t\t\t<div class=\"elementor-widget-container\">\n\t\t\t\t\t\t\t<div class=\"elementor-grid\" role=\"list\">\n\t\t\t\t\t\t\t\t<div class=\"elementor-grid-item\" role=\"listitem\">\n\t\t\t\t\t\t<div class=\"elementor-share-btn elementor-share-btn_print\" role=\"button\" tabindex=\"0\" aria-label=\"Share on print\">\n\t\t\t\t\t\t\t\t\t\t\t\t\t\t\t<span class=\"elementor-share-btn__icon\">\n\t\t\t\t\t\t\t\t<svg aria-hidden=\"true\" class=\"e-font-icon-svg e-fas-print\" viewBox=\"0 0 512 512\" xmlns=\"http:\/\/www.w3.org\/2000\/svg\"><path d=\"M448 192V77.25c0-8.49-3.37-16.62-9.37-22.63L393.37 9.37c-6-6-14.14-9.37-22.63-9.37H96C78.33 0 64 14.33 64 32v160c-35.35 0-64 28.65-64 64v112c0 8.84 7.16 16 16 16h48v96c0 17.67 14.33 32 32 32h320c17.67 0 32-14.33 32-32v-96h48c8.84 0 16-7.16 16-16V256c0-35.35-28.65-64-64-64zm-64 256H128v-96h256v96zm0-224H128V64h192v48c0 8.84 7.16 16 16 16h48v96zm48 72c-13.25 0-24-10.75-24-24 0-13.26 10.75-24 24-24s24 10.74 24 24c0 13.25-10.75 24-24 24z\"><\/path><\/svg>\t\t\t\t\t\t\t<\/span>\n\t\t\t\t\t\t\t\t\t\t\t\t\t\t\t\t\t\t\t\t<\/div>\n\t\t\t\t\t<\/div>\n\t\t\t\t\t\t\t\t\t<div class=\"elementor-grid-item\" role=\"listitem\">\n\t\t\t\t\t\t<div class=\"elementor-share-btn elementor-share-btn_email\" role=\"button\" tabindex=\"0\" aria-label=\"Share on email\">\n\t\t\t\t\t\t\t\t\t\t\t\t\t\t\t<span class=\"elementor-share-btn__icon\">\n\t\t\t\t\t\t\t\t<svg aria-hidden=\"true\" class=\"e-font-icon-svg e-fas-envelope\" viewBox=\"0 0 512 512\" xmlns=\"http:\/\/www.w3.org\/2000\/svg\"><path d=\"M502.3 190.8c3.9-3.1 9.7-.2 9.7 4.7V400c0 26.5-21.5 48-48 48H48c-26.5 0-48-21.5-48-48V195.6c0-5 5.7-7.8 9.7-4.7 22.4 17.4 52.1 39.5 154.1 113.6 21.1 15.4 56.7 47.8 92.2 47.6 35.7.3 72-32.8 92.3-47.6 102-74.1 131.6-96.3 154-113.7zM256 320c23.2.4 56.6-29.2 73.4-41.4 132.7-96.3 142.8-104.7 173.4-128.7 5.8-4.5 9.2-11.5 9.2-18.9v-19c0-26.5-21.5-48-48-48H48C21.5 64 0 85.5 0 112v19c0 7.4 3.4 14.3 9.2 18.9 30.6 23.9 40.7 32.4 173.4 128.7 16.8 12.2 50.2 41.8 73.4 41.4z\"><\/path><\/svg>\t\t\t\t\t\t\t<\/span>\n\t\t\t\t\t\t\t\t\t\t\t\t\t\t\t\t\t\t\t\t<\/div>\n\t\t\t\t\t<\/div>\n\t\t\t\t\t\t<\/div>\n\t\t\t\t\t\t<\/div>\n\t\t\t\t<\/div>\n\t\t\t\t<\/div>\n\t\t\t\t\t<\/div>\n\t\t\t\t<\/div>\n\t\t\t\t<\/div>\n\t\t\t\t<\/div>\n\t\t\t\t\t\t<\/div>\n\t\t\t\t<\/div>\n\t\t\t\t<div class=\"elementor-element elementor-element-9bfbc0d elementor-nav-menu__align-start elementor-widget__width-initial elementor-widget-mobile__width-inherit elementor-nav-menu--dropdown-tablet elementor-nav-menu__text-align-aside elementor-nav-menu--toggle elementor-nav-menu--burger elementor-widget elementor-widget-nav-menu\" data-id=\"9bfbc0d\" data-element_type=\"widget\" id=\"sidemenu\" data-settings=\"{&quot;layout&quot;:&quot;vertical&quot;,&quot;submenu_icon&quot;:{&quot;value&quot;:&quot;&lt;svg aria-hidden=\\&quot;true\\&quot; class=\\&quot;e-font-icon-svg e-fas-caret-down\\&quot; viewBox=\\&quot;0 0 320 512\\&quot; xmlns=\\&quot;http:\\\/\\\/www.w3.org\\\/2000\\\/svg\\&quot;&gt;&lt;path d=\\&quot;M31.3 192h257.3c17.8 0 26.7 21.5 14.1 34.1L174.1 354.8c-7.8 7.8-20.5 7.8-28.3 0L17.2 226.1C4.6 213.5 13.5 192 31.3 192z\\&quot;&gt;&lt;\\\/path&gt;&lt;\\\/svg&gt;&quot;,&quot;library&quot;:&quot;fa-solid&quot;},&quot;toggle&quot;:&quot;burger&quot;}\" data-widget_type=\"nav-menu.default\">\n\t\t\t\t<div class=\"elementor-widget-container\">\n\t\t\t\t\t\t\t\t<nav aria-label=\"Menu\" class=\"elementor-nav-menu--main elementor-nav-menu__container elementor-nav-menu--layout-vertical e--pointer-background e--animation-fade\">\n\t\t\t\t<ul id=\"menu-1-9bfbc0d\" class=\"elementor-nav-menu sm-vertical\"><li class=\"menu-item menu-item-type-post_type menu-item-object-page menu-item-4153\"><a href=\"https:\/\/www.arssenasa.gob.do\/index.php\/regimen-contributivo\/\" class=\"elementor-item\">R\u00e9gimen Contributivo<\/a><\/li>\n<li class=\"menu-item menu-item-type-post_type menu-item-object-page menu-item-8717\"><a href=\"https:\/\/www.arssenasa.gob.do\/index.php\/planes-complementarios\/\" class=\"elementor-item\">Planes Complementarios y Opcionales<\/a><\/li>\n<li class=\"menu-item menu-item-type-post_type menu-item-object-page menu-item-has-children menu-item-4156\"><a href=\"https:\/\/www.arssenasa.gob.do\/index.php\/regimen-subsidiado\/\" class=\"elementor-item\">R\u00e9gimen Subsidiado<\/a>\n<ul class=\"sub-menu elementor-nav-menu--dropdown\">\n\t<li class=\"menu-item menu-item-type-custom menu-item-object-custom menu-item-13335\"><a target=\"_blank\" href=\"https:\/\/cartaafiliacion.arssenasa.gob.do\/\" class=\"elementor-sub-item\">Imprimir carta de afiliaci\u00f3n<\/a><\/li>\n\t<li class=\"menu-item menu-item-type-post_type menu-item-object-page menu-item-13337\"><a href=\"https:\/\/www.arssenasa.gob.do\/index.php\/regimen-subsidiado\/rs-derechosydeberes\/\" class=\"elementor-sub-item\">Beneficios, Derechos y Deberes del RS<\/a><\/li>\n<\/ul>\n<\/li>\n<li class=\"menu-item menu-item-type-post_type menu-item-object-page menu-item-22740\"><a href=\"https:\/\/www.arssenasa.gob.do\/index.php\/senasa-integra\/\" class=\"elementor-item\">Programa SeNaSa inTEgrA<\/a><\/li>\n<li class=\"menu-item menu-item-type-post_type menu-item-object-page menu-item-4152\"><a href=\"https:\/\/www.arssenasa.gob.do\/index.php\/plan-larimar\/\" class=\"elementor-item\">SeNaSa Larimar<\/a><\/li>\n<li class=\"menu-item menu-item-type-post_type menu-item-object-page menu-item-4159\"><a href=\"https:\/\/www.arssenasa.gob.do\/index.php\/pensionados-jubilados\/\" class=\"elementor-item\">Pensionados y Jubilados<\/a><\/li>\n<li class=\"menu-item menu-item-type-post_type menu-item-object-page menu-item-4158\"><a href=\"https:\/\/www.arssenasa.gob.do\/index.php\/policias-y-militares\/\" class=\"elementor-item\">Polic\u00edas y Militares<\/a><\/li>\n<\/ul>\t\t\t<\/nav>\n\t\t\t\t\t<div class=\"elementor-menu-toggle\" role=\"button\" tabindex=\"0\" aria-label=\"Menu Toggle\" aria-expanded=\"false\">\n\t\t\t<svg aria-hidden=\"true\" role=\"presentation\" class=\"elementor-menu-toggle__icon--open e-font-icon-svg e-eicon-menu-bar\" viewBox=\"0 0 1000 1000\" xmlns=\"http:\/\/www.w3.org\/2000\/svg\"><path d=\"M104 333H896C929 333 958 304 958 271S929 208 896 208H104C71 208 42 237 42 271S71 333 104 333ZM104 583H896C929 583 958 554 958 521S929 458 896 458H104C71 458 42 487 42 521S71 583 104 583ZM104 833H896C929 833 958 804 958 771S929 708 896 708H104C71 708 42 737 42 771S71 833 104 833Z\"><\/path><\/svg><svg aria-hidden=\"true\" role=\"presentation\" class=\"elementor-menu-toggle__icon--close e-font-icon-svg e-eicon-close\" viewBox=\"0 0 1000 1000\" xmlns=\"http:\/\/www.w3.org\/2000\/svg\"><path d=\"M742 167L500 408 258 167C246 154 233 150 217 150 196 150 179 158 167 167 154 179 150 196 150 212 150 229 154 242 171 254L408 500 167 742C138 771 138 800 167 829 196 858 225 858 254 829L496 587 738 829C750 842 767 846 783 846 800 846 817 842 829 829 842 817 846 804 846 783 846 767 842 750 829 737L588 500 833 258C863 229 863 200 833 171 804 137 775 137 742 167Z\"><\/path><\/svg>\t\t<\/div>\n\t\t\t\t\t<nav class=\"elementor-nav-menu--dropdown elementor-nav-menu__container\" aria-hidden=\"true\">\n\t\t\t\t<ul id=\"menu-2-9bfbc0d\" class=\"elementor-nav-menu sm-vertical\"><li class=\"menu-item menu-item-type-post_type menu-item-object-page menu-item-4153\"><a href=\"https:\/\/www.arssenasa.gob.do\/index.php\/regimen-contributivo\/\" class=\"elementor-item\" tabindex=\"-1\">R\u00e9gimen Contributivo<\/a><\/li>\n<li class=\"menu-item menu-item-type-post_type menu-item-object-page menu-item-8717\"><a href=\"https:\/\/www.arssenasa.gob.do\/index.php\/planes-complementarios\/\" class=\"elementor-item\" tabindex=\"-1\">Planes Complementarios y Opcionales<\/a><\/li>\n<li class=\"menu-item menu-item-type-post_type menu-item-object-page menu-item-has-children menu-item-4156\"><a href=\"https:\/\/www.arssenasa.gob.do\/index.php\/regimen-subsidiado\/\" class=\"elementor-item\" tabindex=\"-1\">R\u00e9gimen Subsidiado<\/a>\n<ul class=\"sub-menu elementor-nav-menu--dropdown\">\n\t<li class=\"menu-item menu-item-type-custom menu-item-object-custom menu-item-13335\"><a target=\"_blank\" href=\"https:\/\/cartaafiliacion.arssenasa.gob.do\/\" class=\"elementor-sub-item\" tabindex=\"-1\">Imprimir carta de afiliaci\u00f3n<\/a><\/li>\n\t<li class=\"menu-item menu-item-type-post_type menu-item-object-page menu-item-13337\"><a href=\"https:\/\/www.arssenasa.gob.do\/index.php\/regimen-subsidiado\/rs-derechosydeberes\/\" class=\"elementor-sub-item\" tabindex=\"-1\">Beneficios, Derechos y Deberes del RS<\/a><\/li>\n<\/ul>\n<\/li>\n<li class=\"menu-item menu-item-type-post_type menu-item-object-page menu-item-22740\"><a href=\"https:\/\/www.arssenasa.gob.do\/index.php\/senasa-integra\/\" class=\"elementor-item\" tabindex=\"-1\">Programa SeNaSa inTEgrA<\/a><\/li>\n<li class=\"menu-item menu-item-type-post_type menu-item-object-page menu-item-4152\"><a href=\"https:\/\/www.arssenasa.gob.do\/index.php\/plan-larimar\/\" class=\"elementor-item\" tabindex=\"-1\">SeNaSa Larimar<\/a><\/li>\n<li class=\"menu-item menu-item-type-post_type menu-item-object-page menu-item-4159\"><a href=\"https:\/\/www.arssenasa.gob.do\/index.php\/pensionados-jubilados\/\" class=\"elementor-item\" tabindex=\"-1\">Pensionados y Jubilados<\/a><\/li>\n<li class=\"menu-item menu-item-type-post_type menu-item-object-page menu-item-4158\"><a href=\"https:\/\/www.arssenasa.gob.do\/index.php\/policias-y-militares\/\" class=\"elementor-item\" tabindex=\"-1\">Polic\u00edas y Militares<\/a><\/li>\n<\/ul>\t\t\t<\/nav>\n\t\t\t\t\t\t<\/div>\n\t\t\t\t<\/div>\n\t\t\t\t<div class=\"elementor-element elementor-element-8bd74af elementor-widget__width-initial elementor-widget elementor-widget-text-editor\" data-id=\"8bd74af\" data-element_type=\"widget\" id=\"content\" data-widget_type=\"text-editor.default\">\n\t\t\t\t<div class=\"elementor-widget-container\">\n\t\t\t\t\t\t\t\t\t<p><a href=\"https:\/\/www.arssenasa.gob.do\/wp-content\/uploads\/2020\/03\/infografiaenero2020.png\"><img fetchpriority=\"high\" decoding=\"async\" src=\"https:\/\/www.arssenasa.gob.do\/wp-content\/uploads\/2020\/03\/infografiaenero2020.png\" alt=\"\" width=\"778\" height=\"2751\" \/><\/a><\/p><p><span style=\"color: #47a951;\"><a style=\"color: #47a951;\" href=\"https:\/\/www.arssenasa.gob.do\/wp-content\/uploads\/2020\/01\/infografiajunio2019-EneroDiciembre.png\">Infograf\u00eda Enero &#8211; Diciembre 2019<\/a><\/span><\/p><p><span style=\"color: #47a951;\"><a style=\"color: #47a951;\" href=\"https:\/\/www.arssenasa.gob.do\/wp-content\/uploads\/2019\/12\/infografiaOctubre2019-scaled.png\" target=\"_blank\" rel=\"noopener\">Infograf\u00eda Octubre 2019<\/a><\/span><\/p><p><span style=\"color: #47a951;\"><a style=\"color: #47a951;\" href=\"https:\/\/www.arssenasa.gob.do\/wp-content\/uploads\/2019\/11\/infografiaSeptiembre2019-scaled.png\" target=\"_blank\" rel=\"noopener\">Infograf\u00eda Septiembre 2019<\/a><\/span><\/p><p><span style=\"color: #47a951;\"><a style=\"color: #47a951;\" href=\"https:\/\/www.arssenasa.gob.do\/wp-content\/uploads\/2019\/11\/infografiamayo2019-scaled.jpg\" target=\"_blank\" rel=\"noopener\">Infograf\u00eda Agosto 2019<\/a><\/span><\/p><p><span style=\"color: #47a951;\"><a style=\"color: #47a951;\" href=\"https:\/\/www.arssenasa.gob.do\/wp-content\/uploads\/2019\/11\/infografiajunio2019-3-scaled.png\" target=\"_blank\" rel=\"noopener\">Infograf\u00eda Junio 2019<\/a><\/span><\/p><p><span style=\"color: #47a951;\"><a style=\"color: #47a951;\" href=\"https:\/\/www.arssenasa.gob.do\/wp-content\/uploads\/2019\/11\/infografiamayo2019-scaled.jpg\" target=\"_blank\" rel=\"noopener\">Infograf\u00eda Mayo 2019<\/a><\/span><\/p>\t\t\t\t\t\t\t\t<\/div>\n\t\t\t\t<\/div>\n\t\t\t\t<\/div>\n\t\t\t\t<\/div>\n\t\t","protected":false},"excerpt":{"rendered":"<p>Infograf\u00eda Enero &#8211; Diciembre 2019 Infograf\u00eda Octubre 2019 Infograf\u00eda Septiembre 2019 Infograf\u00eda Agosto 2019 Infograf\u00eda Junio 2019 Infograf\u00eda Mayo 2019<\/p>\n","protected":false},"author":3,"featured_media":0,"parent":985,"menu_order":0,"comment_status":"closed","ping_status":"closed","template":"elementor_header_footer","meta":{"inline_featured_image":false,"yasr_overall_rating":0,"yasr_post_is_review":"","yasr_auto_insert_disabled":"","yasr_review_type":"","_glsr_average":0,"_glsr_ranking":0,"_glsr_reviews":0,"footnotes":""},"class_list":["post-2498","page","type-page","status-publish","hentry"],"yoast_head":"<!-- This site is optimized with the Yoast SEO plugin v26.6 - https:\/\/yoast.com\/wordpress\/plugins\/seo\/ -->\n<title>R\u00e9gimen Subsidiado al D\u00eda - ARSSeNaSa<\/title>\n<meta name=\"robots\" content=\"index, follow, max-snippet:-1, max-image-preview:large, max-video-preview:-1\" \/>\n<link rel=\"canonical\" href=\"https:\/\/www.arssenasa.gob.do\/index.php\/regimen-subsidiado\/rs-cobertura\/\" \/>\n<meta property=\"og:locale\" content=\"es_ES\" \/>\n<meta property=\"og:type\" content=\"article\" \/>\n<meta property=\"og:title\" content=\"R\u00e9gimen Subsidiado al D\u00eda - ARSSeNaSa\" \/>\n<meta property=\"og:description\" content=\"Infograf\u00eda Enero &#8211; Diciembre 2019 Infograf\u00eda Octubre 2019 Infograf\u00eda Septiembre 2019 Infograf\u00eda Agosto 2019 Infograf\u00eda Junio 2019 Infograf\u00eda Mayo 2019\" \/>\n<meta property=\"og:url\" content=\"https:\/\/www.arssenasa.gob.do\/index.php\/regimen-subsidiado\/rs-cobertura\/\" \/>\n<meta property=\"og:site_name\" content=\"ARSSeNaSa\" \/>\n<meta property=\"article:publisher\" content=\"https:\/\/www.facebook.com\/ARSSeNaSaRD\" \/>\n<meta property=\"article:modified_time\" content=\"2024-02-21T14:32:14+00:00\" \/>\n<meta property=\"og:image\" content=\"https:\/\/www.arssenasa.gob.do\/wp-content\/uploads\/2020\/03\/infografiaenero2020.png\" \/>\n<meta name=\"twitter:card\" content=\"summary_large_image\" \/>\n<meta name=\"twitter:site\" content=\"@arssenasard\" \/>\n<meta name=\"twitter:label1\" content=\"Est. reading time\" \/>\n\t<meta name=\"twitter:data1\" content=\"2 minutos\" \/>\n<script type=\"application\/ld+json\" class=\"yoast-schema-graph\">{\"@context\":\"https:\/\/schema.org\",\"@graph\":[{\"@type\":\"WebPage\",\"@id\":\"https:\/\/www.arssenasa.gob.do\/index.php\/regimen-subsidiado\/rs-cobertura\/\",\"url\":\"https:\/\/www.arssenasa.gob.do\/index.php\/regimen-subsidiado\/rs-cobertura\/\",\"name\":\"R\u00e9gimen Subsidiado al D\u00eda - ARSSeNaSa\",\"isPartOf\":{\"@id\":\"https:\/\/www.arssenasa.gob.do\/#website\"},\"primaryImageOfPage\":{\"@id\":\"https:\/\/www.arssenasa.gob.do\/index.php\/regimen-subsidiado\/rs-cobertura\/#primaryimage\"},\"image\":{\"@id\":\"https:\/\/www.arssenasa.gob.do\/index.php\/regimen-subsidiado\/rs-cobertura\/#primaryimage\"},\"thumbnailUrl\":\"https:\/\/www.arssenasa.gob.do\/wp-content\/uploads\/2020\/03\/infografiaenero2020.png\",\"datePublished\":\"2019-06-10T15:37:47+00:00\",\"dateModified\":\"2024-02-21T14:32:14+00:00\",\"breadcrumb\":{\"@id\":\"https:\/\/www.arssenasa.gob.do\/index.php\/regimen-subsidiado\/rs-cobertura\/#breadcrumb\"},\"inLanguage\":\"es\",\"potentialAction\":[{\"@type\":\"ReadAction\",\"target\":[\"https:\/\/www.arssenasa.gob.do\/index.php\/regimen-subsidiado\/rs-cobertura\/\"]}]},{\"@type\":\"ImageObject\",\"inLanguage\":\"es\",\"@id\":\"https:\/\/www.arssenasa.gob.do\/index.php\/regimen-subsidiado\/rs-cobertura\/#primaryimage\",\"url\":\"https:\/\/www.arssenasa.gob.do\/wp-content\/uploads\/2020\/03\/infografiaenero2020.png\",\"contentUrl\":\"https:\/\/www.arssenasa.gob.do\/wp-content\/uploads\/2020\/03\/infografiaenero2020.png\",\"width\":778,\"height\":2751},{\"@type\":\"BreadcrumbList\",\"@id\":\"https:\/\/www.arssenasa.gob.do\/index.php\/regimen-subsidiado\/rs-cobertura\/#breadcrumb\",\"itemListElement\":[{\"@type\":\"ListItem\",\"position\":1,\"name\":\"Inicio\",\"item\":\"https:\/\/www.arssenasa.gob.do\/\"},{\"@type\":\"ListItem\",\"position\":2,\"name\":\"R\u00e9gimen Subsidiado\",\"item\":\"https:\/\/www.arssenasa.gob.do\/index.php\/regimen-subsidiado\/\"},{\"@type\":\"ListItem\",\"position\":3,\"name\":\"R\u00e9gimen Subsidiado al D\u00eda\"}]},{\"@type\":\"WebSite\",\"@id\":\"https:\/\/www.arssenasa.gob.do\/#website\",\"url\":\"https:\/\/www.arssenasa.gob.do\/\",\"name\":\"ARSSeNaSa\",\"description\":\"\",\"publisher\":{\"@id\":\"https:\/\/www.arssenasa.gob.do\/#organization\"},\"potentialAction\":[{\"@type\":\"SearchAction\",\"target\":{\"@type\":\"EntryPoint\",\"urlTemplate\":\"https:\/\/www.arssenasa.gob.do\/?s={search_term_string}\"},\"query-input\":{\"@type\":\"PropertyValueSpecification\",\"valueRequired\":true,\"valueName\":\"search_term_string\"}}],\"inLanguage\":\"es\"},{\"@type\":\"Organization\",\"@id\":\"https:\/\/www.arssenasa.gob.do\/#organization\",\"name\":\"SeNaSa - Seguro Nacional de Salud\",\"url\":\"https:\/\/www.arssenasa.gob.do\/\",\"logo\":{\"@type\":\"ImageObject\",\"inLanguage\":\"es\",\"@id\":\"https:\/\/www.arssenasa.gob.do\/#\/schema\/logo\/image\/\",\"url\":\"https:\/\/www.arssenasa.gob.do\/wp-content\/uploads\/2018\/11\/logo2022.png\",\"contentUrl\":\"https:\/\/www.arssenasa.gob.do\/wp-content\/uploads\/2018\/11\/logo2022.png\",\"width\":310,\"height\":200,\"caption\":\"SeNaSa - Seguro Nacional de Salud\"},\"image\":{\"@id\":\"https:\/\/www.arssenasa.gob.do\/#\/schema\/logo\/image\/\"},\"sameAs\":[\"https:\/\/www.facebook.com\/ARSSeNaSaRD\",\"https:\/\/x.com\/arssenasard\",\"https:\/\/www.instagram.com\/arssenasard\/\",\"https:\/\/www.youtube.com\/user\/ARSSeNaSa\"]},false]}<\/script>\n<!-- \/ Yoast SEO plugin. -->","yoast_head_json":{"title":"R\u00e9gimen Subsidiado al D\u00eda - ARSSeNaSa","robots":{"index":"index","follow":"follow","max-snippet":"max-snippet:-1","max-image-preview":"max-image-preview:large","max-video-preview":"max-video-preview:-1"},"canonical":"https:\/\/www.arssenasa.gob.do\/index.php\/regimen-subsidiado\/rs-cobertura\/","og_locale":"es_ES","og_type":"article","og_title":"R\u00e9gimen Subsidiado al D\u00eda - ARSSeNaSa","og_description":"Infograf\u00eda Enero &#8211; Diciembre 2019 Infograf\u00eda Octubre 2019 Infograf\u00eda Septiembre 2019 Infograf\u00eda Agosto 2019 Infograf\u00eda Junio 2019 Infograf\u00eda Mayo 2019","og_url":"https:\/\/www.arssenasa.gob.do\/index.php\/regimen-subsidiado\/rs-cobertura\/","og_site_name":"ARSSeNaSa","article_publisher":"https:\/\/www.facebook.com\/ARSSeNaSaRD","article_modified_time":"2024-02-21T14:32:14+00:00","og_image":[{"url":"https:\/\/www.arssenasa.gob.do\/wp-content\/uploads\/2020\/03\/infografiaenero2020.png","type":"","width":"","height":""}],"twitter_card":"summary_large_image","twitter_site":"@arssenasard","twitter_misc":{"Est. reading time":"2 minutos"},"schema":{"@context":"https:\/\/schema.org","@graph":[{"@type":"WebPage","@id":"https:\/\/www.arssenasa.gob.do\/index.php\/regimen-subsidiado\/rs-cobertura\/","url":"https:\/\/www.arssenasa.gob.do\/index.php\/regimen-subsidiado\/rs-cobertura\/","name":"R\u00e9gimen Subsidiado al D\u00eda - ARSSeNaSa","isPartOf":{"@id":"https:\/\/www.arssenasa.gob.do\/#website"},"primaryImageOfPage":{"@id":"https:\/\/www.arssenasa.gob.do\/index.php\/regimen-subsidiado\/rs-cobertura\/#primaryimage"},"image":{"@id":"https:\/\/www.arssenasa.gob.do\/index.php\/regimen-subsidiado\/rs-cobertura\/#primaryimage"},"thumbnailUrl":"https:\/\/www.arssenasa.gob.do\/wp-content\/uploads\/2020\/03\/infografiaenero2020.png","datePublished":"2019-06-10T15:37:47+00:00","dateModified":"2024-02-21T14:32:14+00:00","breadcrumb":{"@id":"https:\/\/www.arssenasa.gob.do\/index.php\/regimen-subsidiado\/rs-cobertura\/#breadcrumb"},"inLanguage":"es","potentialAction":[{"@type":"ReadAction","target":["https:\/\/www.arssenasa.gob.do\/index.php\/regimen-subsidiado\/rs-cobertura\/"]}]},{"@type":"ImageObject","inLanguage":"es","@id":"https:\/\/www.arssenasa.gob.do\/index.php\/regimen-subsidiado\/rs-cobertura\/#primaryimage","url":"https:\/\/www.arssenasa.gob.do\/wp-content\/uploads\/2020\/03\/infografiaenero2020.png","contentUrl":"https:\/\/www.arssenasa.gob.do\/wp-content\/uploads\/2020\/03\/infografiaenero2020.png","width":778,"height":2751},{"@type":"BreadcrumbList","@id":"https:\/\/www.arssenasa.gob.do\/index.php\/regimen-subsidiado\/rs-cobertura\/#breadcrumb","itemListElement":[{"@type":"ListItem","position":1,"name":"Inicio","item":"https:\/\/www.arssenasa.gob.do\/"},{"@type":"ListItem","position":2,"name":"R\u00e9gimen Subsidiado","item":"https:\/\/www.arssenasa.gob.do\/index.php\/regimen-subsidiado\/"},{"@type":"ListItem","position":3,"name":"R\u00e9gimen Subsidiado al D\u00eda"}]},{"@type":"WebSite","@id":"https:\/\/www.arssenasa.gob.do\/#website","url":"https:\/\/www.arssenasa.gob.do\/","name":"ARSSeNaSa","description":"","publisher":{"@id":"https:\/\/www.arssenasa.gob.do\/#organization"},"potentialAction":[{"@type":"SearchAction","target":{"@type":"EntryPoint","urlTemplate":"https:\/\/www.arssenasa.gob.do\/?s={search_term_string}"},"query-input":{"@type":"PropertyValueSpecification","valueRequired":true,"valueName":"search_term_string"}}],"inLanguage":"es"},{"@type":"Organization","@id":"https:\/\/www.arssenasa.gob.do\/#organization","name":"SeNaSa - Seguro Nacional de Salud","url":"https:\/\/www.arssenasa.gob.do\/","logo":{"@type":"ImageObject","inLanguage":"es","@id":"https:\/\/www.arssenasa.gob.do\/#\/schema\/logo\/image\/","url":"https:\/\/www.arssenasa.gob.do\/wp-content\/uploads\/2018\/11\/logo2022.png","contentUrl":"https:\/\/www.arssenasa.gob.do\/wp-content\/uploads\/2018\/11\/logo2022.png","width":310,"height":200,"caption":"SeNaSa - Seguro Nacional de Salud"},"image":{"@id":"https:\/\/www.arssenasa.gob.do\/#\/schema\/logo\/image\/"},"sameAs":["https:\/\/www.facebook.com\/ARSSeNaSaRD","https:\/\/x.com\/arssenasard","https:\/\/www.instagram.com\/arssenasard\/","https:\/\/www.youtube.com\/user\/ARSSeNaSa"]},false]}},"yasr_visitor_votes":{"stars_attributes":{"read_only":false,"span_bottom":false},"number_of_votes":0,"sum_votes":0},"_links":{"self":[{"href":"https:\/\/www.arssenasa.gob.do\/index.php\/wp-json\/wp\/v2\/pages\/2498","targetHints":{"allow":["GET"]}}],"collection":[{"href":"https:\/\/www.arssenasa.gob.do\/index.php\/wp-json\/wp\/v2\/pages"}],"about":[{"href":"https:\/\/www.arssenasa.gob.do\/index.php\/wp-json\/wp\/v2\/types\/page"}],"author":[{"embeddable":true,"href":"https:\/\/www.arssenasa.gob.do\/index.php\/wp-json\/wp\/v2\/users\/3"}],"replies":[{"embeddable":true,"href":"https:\/\/www.arssenasa.gob.do\/index.php\/wp-json\/wp\/v2\/comments?post=2498"}],"version-history":[{"count":62,"href":"https:\/\/www.arssenasa.gob.do\/index.php\/wp-json\/wp\/v2\/pages\/2498\/revisions"}],"predecessor-version":[{"id":18051,"href":"https:\/\/www.arssenasa.gob.do\/index.php\/wp-json\/wp\/v2\/pages\/2498\/revisions\/18051"}],"up":[{"embeddable":true,"href":"https:\/\/www.arssenasa.gob.do\/index.php\/wp-json\/wp\/v2\/pages\/985"}],"wp:attachment":[{"href":"https:\/\/www.arssenasa.gob.do\/index.php\/wp-json\/wp\/v2\/media?parent=2498"}],"curies":[{"name":"wp","href":"https:\/\/api.w.org\/{rel}","templated":true}]}}